{"id":526,"date":"2019-05-14T10:56:25","date_gmt":"2019-05-14T10:56:25","guid":{"rendered":"https:\/\/drvivianestetics.com\/?page_id=526"},"modified":"2019-07-10T09:02:03","modified_gmt":"2019-07-10T09:02:03","slug":"pravila-privatnosti","status":"publish","type":"page","link":"https:\/\/drvivianestetics.com\/hr\/pravila-privatnosti\/","title":{"rendered":"Pravila privatnosti"},"content":{"rendered":"\n  <div id=\"page-header-1530192820\" class=\"page-header-wrapper\">\n  <div class=\"page-title dark featured-title\">\n\n    \n    <div class=\"page-title-inner container align-center flex-row medium-flex-wrap\" >\n              <div class=\"title-wrapper flex-col text-left medium-text-center\">\n          <h1 class=\"entry-title mb-0\">\n            Pravila privatnosti          <\/h1>\n        <\/div>\n                    <div class=\"title-content flex-col flex-right text-right medium-text-center\">\n        <div class=\"title-breadcrumbs pb-half pt-half\"><nav class=\"woocommerce-breadcrumb breadcrumbs uppercase\" aria-label=\"Breadcrumb\">Po\u010detna<\/nav><\/div>      <\/div>\n    <\/div>\n\n       <\/div>\n    <\/div>\n  \n\n<div class=\"row\"  id=\"row-343993574\">\n\n\n\t<div id=\"col-1677636322\" class=\"col small-12 large-12\"  >\n\t\t\t\t<div class=\"col-inner\"  >\n\t\t\t\n\t\t\t\n\n\t<div id=\"gap-796527067\" class=\"gap-element clearfix\" style=\"display:block; height:auto;\">\n\t\t\n<style>\n#gap-796527067 {\n  padding-top: 41px;\n}\n<\/style>\n\t<\/div>\n\t\n\n<p>Za obradu podataka odgovorno je dru\u0161tvo TITANIUM DENT d. o. o., OIB: 08629492992. Sve informacije u vezi obrade i kori\u0161tenja osobnih podataka mogu se dobiti na <a href=\"mailto:info@drvivianestetics.com\" target=\"_blank\" rel=\"noopener noreferrer\">info@drvivianestetics.com<\/a><\/p>\n<h3>Prikupljanje osobnih podataka<\/h3>\n<p>Prilikom pregledavanja internetske stranice dru\u0161tva TITANIUM DENT d. o. o., <a href=\"https:\/\/drvivianestetics.com\" target=\"_blank\" rel=\"noopener noreferrer\">drvivianestetics.com<\/a>, ne prikupljaju se podaci koji bi omogu\u0107ili osobnu identifikaciju te je pregledavanje anonimno. Ako nam je za pru\u017eanje odre\u0111ene usluge potreban osobni podatak, posebno \u0107emo upozoriti korisnika, a osobni podaci u tom slu\u010daju mogu uklju\u010divati ime i prezime, OIB, tvrtku ili naziv organizacije, adresu, telefon, e-mail adresu, i druge podatke po potrebi. Upisom osobnih podataka na za to predvi\u0111ena polja na web stranici potvr\u0111ujete da ste svoje osobne podatke dobrovoljno stavili na raspolaganje te da dozvoljavate da se isti koriste u svrhu u koju su podaci dani.<\/p>\n<h3>Svrha, na\u010din obrade i \u010duvanje osobnih podataka<\/h3>\n<p>Svi osobni podaci koriste se isklju\u010divo u svrhe radi koje su prikupljeni i za koje je dana suglasnost i\/ili privola. Prikupljeni podaci ne\u0107e se ni na koji na\u010din u\u010diniti dostupnim tre\u0107im osobama, osim u zakonom propisanu svrhu ili ako nije dana izri\u010dita suglasnost i\/ili privola .Postavljanjem upita prema dru\u0161tvu TITANIUM DENT d. o. o. dajete suglasnost da Vam odogovrimo istim kanalom komunikacije na koji ste postavili upit te da pohranimo Va\u0161 osobni podatak koje ste nam dali na period od najvi\u0161e 5 godina ili na period potreban za odgovaranja na Va\u0161 upit u potpunosti.<\/p>\n<h3>Prava korisnika<\/h3>\n<p>Korisnik u svako doba ima sljede\u0107a prava: pravo na informaciju o obradi osobnih podataka, pravo na povla\u010denje privole na obradu osobnih podataka, a \u010dime \u0107e prestati obrada osobnih podataka; pravo na ispravak u slu\u010daju ako se obra\u0111uju osobni podaci koji su nepotpuni ili neto\u010dni; pravo na brisanje u slu\u010dajevima kao \u0161to su prestanak svrhe obrade, povla\u010denje privole.<\/p>\n<h3>Upravljanje privolama za obradu osobnih podataka<\/h3>\n<p>Prihva\u0107anjem privole za kori\u0161tenje osobnih podataka, putem TITANIUM DENT d. o. o. newslettera, dajete dozvolu za kori\u0161tenje i pohranu osobnih podataka u svrhu marketin\u0161ke promid\u017ebe dru\u0161tva TITANIUM DENT d. o. o. na period od 5 godina ako ranije ne povu\u010dete privolu.<\/p>\n<p>Ova privola uklju\u010duje dijeljenje Va\u0161ih osobnih podataka s tvrtkom Google Ireland (Google), Facebook Ireland Ltd. (facebook), Instagram Inc. (Instagram) u svrhu targetiranog relevantnog ogla\u0161avanja, SendGrid Inc., The Rocket Science Group LLC d\/b\/a MailChimp u svrhu slanje marketin\u0161kih emailova. U svezi s ovom privolom dru\u0161tvo TITANIUM DENT d. o. o. uklju\u010duje: slanje marketin\u0161kog newslettera s ponudom usluga koje pru\u017eamo na Va\u0161 email, slanje personaliziranog emaila s ponudom usluga, Facebook Custom Audience listu za targetirane oglase s ponudom usluga, Google AdWords customer match funkciju za targetirane oglase s ponudom usluga, profiliranje korisnika radi izrade i isticanja relevantne ponude, targetiranje korisnika relevantnom ponudom.<\/p>\n<p>Prihva\u0107anjem privole na TITANIUM DENT d. o. o. newsletteru se pretpla\u0107ujete na TITANIUM DENT d. o. o. newsletter, \u010dime se dodajete na marketing listu i dajete privolu za kori\u0161tenje osobnih podataka ime, prezime, e-mail, spol, dobnu skupinu. Naknadno \u0107emo Vas zatra\u017eiti obnovu privole prije isteka perioda od 5 godina nakon prve privole. Privolu mo\u017eete bilo kada povu\u0107i jednako lako kako ste je dali bez da navodite razlog u svojem korisni\u010dkom profilu ili klikom na link u newsletter-u.<\/p>\n<h3>Kori\u0161tenje kola\u010di\u0107a (cookies)<\/h3>\n<p>Kako bi web stranica&nbsp;drvivianestetics.com&nbsp;radila ispravno i kako bi ju se moglo unaprje\u0111ivati s ciljem pobolj\u0161anja Va\u0161eg iskustva pregledavanja, potrebno je minimalnu koli\u010dinu informacija (cookies) spremiti na Va\u0161e ra\u010dunalo ili mobilni ure\u0111aj. Kori\u0161tenjem ove web stranice pristajete na uporabu kola\u010di\u0107a, \u010dijim blokiranjem i dalje mo\u017eete pregledavati stranicu, no neke njezine mogu\u0107nosti ne\u0107e biti funkcionalne. \u017delite li izbje\u0107i kori\u0161tenje kola\u010di\u0107a potrebno je podesiti postavke ra\u010dunala da bri\u0161e kola\u010di\u0107e s internetskih stranica i\/ili vas obavijesti o pohranjivanu kola\u010di\u0107a na va\u0161em ra\u010dunalu.<\/p>\n<h3>Kakve kola\u010di\u0107e koristimo<\/h3>\n<p><strong>Privremeni kola\u010di\u0107i&nbsp;(Session cookies)<\/strong> \u2013 to su privremeni kola\u010di\u0107i koji isti\u010du (i automatski se bri\u0161u) kada zatvorite internet preglednik. Koristimo ove kola\u010di\u0107e da omogu\u0107imo pristup sadr\u017eaju i omogu\u0107imo komentiranje (stvari koje morate u\u010diniti kada se prijavite sa svojim podacima na web stranicu).<\/p>\n<p><strong> Trajni kola\u010di\u0107i&nbsp;(Persistent cookies)<\/strong> \u2013 ti obi\u010dno imaju datum isteka daleko u budu\u0107nost i tako \u0107e ostati u va\u0161em pregledniku, dok ne isteknu, ili dok ih ru\u010dno ne izbri\u0161ete. Koristimo trajne kola\u010di\u0107e kako bi bolje razumjeli navike korisnika, tako da mo\u017eemo pobolj\u0161ati web stranicu prema va\u0161im navikama. Ova informacija je anonimna \u2013 ne vidimo individualne podatke korisnika.<\/p>\n<h3>Da li na web stranici ima kola\u010di\u0107a tre\u0107e strane?<\/h3>\n<p>Ima nekoliko vanjskih servisa koji korisniku spremaju limitirane kola\u010di\u0107e. Ovi kola\u010di\u0107i nisu postavljeni od strane ove web stranice, ali neki slu\u017ee za normalno funkcioniranje odre\u0111enih mogu\u0107nosti koje korisnicima olak\u0161avaju pristup sadr\u017eaju. Trenutno omogu\u0107ujemo:<\/p>\n<p><strong>Mjerenje posje\u0107enosti<\/strong><\/p>\n<p>TITANIUM DENT d. o. o. koristi servis za mjerenje posje\u0107enosti, to je Google Analytics. Ako \u017eelite onemogu\u0107iti da vam navedeni servis sprema kola\u010di\u0107e, mo\u017eete ga zabraniti na sljede\u0107em linku:&nbsp;<a href=\"https:\/\/tools.google.com\/dlpage\/gaoptout\" target=\"_blank\" rel=\"noopener noreferrer\">https:\/\/tools.google.com\/dlpage\/gaoptout<\/a><\/p>\n<p><strong>Dodatne informacija oko isklju\u010divanja kola\u010di\u0107a<\/strong><\/p>\n<p>Trenutno postoji nekoliko web stranica za isklju\u010divanje pohranjivanja kola\u010di\u0107a za razli\u010dite servise. Vi\u0161e se mo\u017eete informirati na sljede\u0107im linkovima: <a href=\"http:\/\/www.allaboutcookies.org\/\" target=\"_blank\" rel=\"noopener noreferrer\">http:\/\/www.allaboutcookies.org\/<\/a>&nbsp; i&nbsp;<a href=\"http:\/\/www.youronlinechoices.eu\/\" target=\"_blank\" rel=\"noopener noreferrer\">http:\/\/www.youronlinechoices.eu\/<\/a>.<\/p>\n<p>Tre\u0107a strana na stranicama dru\u0161tva TITANIUM DENT d. o. o.<\/p>\n<p>a.) Odredbe za\u0161tite osobnih podataka vezane za Facebook<\/p>\n<p>Na web stranici dru\u0161tva TITANIUM DENT d. o. o. ugra\u0111ena je komponenta dru\u0161tvene mre\u017ee Facebook. Ako je korisnik prijavljen na Facebook, u isto vrijeme Facebook mo\u017ee detektirati svaki njegov pregled web stranice dru\u0161tva TITANIUM DENT d. o. o., a tokom boravka na web stranici koje je specifi\u010dne podstranice posjetio. Ova informacija se prikuplja putem Facebook komponente i dozna\u010duje se Facebook ra\u010dunu korisnika. Ako korisnik klikne na bilo koji gumb od Facebooka, tada se navedena informacija sprema na osobnom Facebook ra\u010dunu korisnika. Korisnik mo\u017ee koristiti Facebook postavke na <a href=\"http:\/\/facebook.com\/about\/privacy\/\" target=\"_blank\" rel=\"noopener noreferrer\">http:\/\/facebook.com\/about\/privacy\/<\/a> gdje \u0107e dobiti vi\u0161e informacija i mogu\u0107nosti navedene opcije da onemogu\u0107i slanje osobnih podataka.<\/p>\n<p>b.) Odredbe za\u0161tite osobnih podataka vezane za Google+<\/p>\n<p>Na web stranici dru\u0161tva TITANIUM DENT d. o. o. ugra\u0111ena je komponenta dru\u0161tvene mre\u017ee Google +. Ako je korsnik prijavljen na Google +, u isto vrijeme Google mo\u017ee detektirati svaki njegov pregled web stranice dru\u0161tva TITANIUM DENT d. o. o. koje je specifi\u010dne podstranice posjetio. Ova informacija prikuplja se putem Google + komponente i dozna\u010duje se Google+ ra\u010dunu korisnika. Ako korisnik ne \u017eeli pru\u017eati osobne podatke Googelu, u svakom trenutku mo\u017ee sprije\u010diti prijenos podataka tako da se odjavi s Google+ dru\u0161tvene mre\u017ee prije pristupanja web stranici dru\u0161tva TITANIUM DENT d. o. o.. Vi\u0161e informacija o Googleu i Google+ gumbu mo\u017eete prona\u0107i na <a href=\"https:\/\/developers.google.com\/+web\/buttons-policy\" target=\"_blank\" rel=\"noopener noreferrer\">https:\/\/developers.google.com\/+web\/buttons-policy<\/a><\/p>\n<p>c.) Odredbe za\u0161tite osobnih podataka vezane za Instagram<\/p>\n<p>Na web stranici dru\u0161tva TITANIUM DENT d. o. o. ugra\u0111ena je komponenta dru\u0161tvene mre\u017ee Instagram Ako je korisnik u isto vrijeme prijavljen na Instagram, Instagram \u0107e detektirati svaki posjet web stranici dru\u0161tva TITANIUM DENT d. o. o., a tako\u0111er i koje je specifi\u010dne podstranice korisnik posjetio za vrijeme boravka na web stranici. Informacije prikuplja Instagram komponenta i dozna\u010duje ih Instagram ra\u010dunu korisnika. Ako ispitanik klikne na neki od Instagram gumba na web stranici,<br>Instagram \u0107e tu informaciju dozna\u010diti Instagram ra\u010dunu korisnika i pohraniti taj osobni podatak. Vi\u0161e informacija za onemogu\u0107avanje slanja osobnih podataka saznajte na&nbsp;<a href=\"https:\/\/help.instagram.com\/155833707900388\" target=\"_blank\" rel=\"noopener noreferrer\">https:\/\/help.instagram.com\/155833707900388<\/a>&nbsp;i<a href=\"https:\/\/www.instagram.com\/about\/legal\/privacy\/\" target=\"_blank\" rel=\"noopener noreferrer\">&nbsp;https:\/\/www.instagram.com\/about\/legal\/privacy\/<\/a>.<\/p>\n<p>d.) Odredbe za\u0161tite osobnih podataka vezane za YouTube<\/p>\n<p>Na web stranici dru\u0161tva TITANIUM DENT d. o. o. ugra\u0111ena je komponenta usluge Youtube. Ako je korisnik prijavljen na YouTube, YouTube \u0107e prepoznati svaki put kad otvori podstranicu na kojoj se nalazi Youtube video o kojoj se podstranici radi. Ta informacija \u0107e biti prikupljena od strane YouTubea i Googlea i bit \u0107e dozna\u010dena YouTube ra\u010dunu korisnika. YouTube i Google \u0107e putem YouTube komponente primiti informaciju da je korisnik posjetio web stranicu dru\u0161tva TITANIUM DENT d. o. o. ako je za vrijeme posjeta web stranici bio prijavljen na Youtube. Ako korisnik ne \u017eeli dopustiti takav prijenos informacija, isti mo\u017ee sprije\u010diti tako da se odjavi s YouTube ra\u010duna prije otvaranja web stranice dru\u0161tva TITANIUM DENT d. o. o.. YouTube smjernice za za\u0161titu osobnih podataka koje mo\u017eete pogledati na <a href=\"https:\/\/www.google.com\/intl\/en\/policies\/privacy\/\" target=\"_blank\" rel=\"noopener noreferrer\">https:\/\/www.google.com\/intl\/en\/policies\/privacy\/<\/a> pru\u017eaju informacije o prikupljanju, obradi i kori\u0161tenju osobnih informacija od strane YouTubea i Googlea.<\/p>\n\n\t\t<\/div>\n\t\t\t\t\t<\/div>\n\n\t\n\n<\/div>\n","protected":false},"excerpt":{"rendered":"","protected":false},"author":1,"featured_media":0,"parent":0,"menu_order":0,"comment_status":"closed","ping_status":"closed","template":"page-blank.php","meta":{"footnotes":""},"class_list":["post-526","page","type-page","status-publish","hentry"],"yoast_head":"<!-- This site is optimized with the Yoast SEO plugin v27.4 - https:\/\/yoast.com\/product\/yoast-seo-wordpress\/ -->\n<title>Pravila privatnosti - Dr Vivian Estetics<\/title>\n<meta name=\"robots\" content=\"index, follow, max-snippet:-1, max-image-preview:large, max-video-preview:-1\" \/>\n<link rel=\"canonical\" href=\"https:\/\/drvivianestetics.com\/hr\/pravila-privatnosti\/\" \/>\n<meta property=\"og:locale\" content=\"hr_HR\" \/>\n<meta property=\"og:type\" content=\"article\" \/>\n<meta property=\"og:title\" content=\"Pravila privatnosti - Dr Vivian Estetics\" \/>\n<meta property=\"og:url\" content=\"https:\/\/drvivianestetics.com\/hr\/pravila-privatnosti\/\" \/>\n<meta property=\"og:site_name\" content=\"Dr Vivian Estetics\" \/>\n<meta property=\"article:modified_time\" content=\"2019-07-10T09:02:03+00:00\" \/>\n<meta name=\"twitter:card\" content=\"summary_large_image\" \/>\n<meta name=\"twitter:label1\" content=\"Procijenjeno vrijeme \u010ditanja\" \/>\n\t<meta name=\"twitter:data1\" content=\"8 minuta\" \/>\n<script type=\"application\/ld+json\" class=\"yoast-schema-graph\">{\"@context\":\"https:\\\/\\\/schema.org\",\"@graph\":[{\"@type\":\"WebPage\",\"@id\":\"https:\\\/\\\/drvivianestetics.com\\\/hr\\\/pravila-privatnosti\\\/\",\"url\":\"https:\\\/\\\/drvivianestetics.com\\\/hr\\\/pravila-privatnosti\\\/\",\"name\":\"Pravila privatnosti - Dr Vivian Estetics\",\"isPartOf\":{\"@id\":\"https:\\\/\\\/drvivianestetics.com\\\/#website\"},\"datePublished\":\"2019-05-14T10:56:25+00:00\",\"dateModified\":\"2019-07-10T09:02:03+00:00\",\"breadcrumb\":{\"@id\":\"https:\\\/\\\/drvivianestetics.com\\\/hr\\\/pravila-privatnosti\\\/#breadcrumb\"},\"inLanguage\":\"hr\",\"potentialAction\":[{\"@type\":\"ReadAction\",\"target\":[\"https:\\\/\\\/drvivianestetics.com\\\/hr\\\/pravila-privatnosti\\\/\"]}]},{\"@type\":\"BreadcrumbList\",\"@id\":\"https:\\\/\\\/drvivianestetics.com\\\/hr\\\/pravila-privatnosti\\\/#breadcrumb\",\"itemListElement\":[{\"@type\":\"ListItem\",\"position\":1,\"name\":\"Home\",\"item\":\"https:\\\/\\\/drvivianestetics.com\\\/hr\\\/\"},{\"@type\":\"ListItem\",\"position\":2,\"name\":\"Pravila privatnosti\"}]},{\"@type\":\"WebSite\",\"@id\":\"https:\\\/\\\/drvivianestetics.com\\\/#website\",\"url\":\"https:\\\/\\\/drvivianestetics.com\\\/\",\"name\":\"Dr Vivian Estetics\",\"description\":\"\",\"potentialAction\":[{\"@type\":\"SearchAction\",\"target\":{\"@type\":\"EntryPoint\",\"urlTemplate\":\"https:\\\/\\\/drvivianestetics.com\\\/?s={search_term_string}\"},\"query-input\":{\"@type\":\"PropertyValueSpecification\",\"valueRequired\":true,\"valueName\":\"search_term_string\"}}],\"inLanguage\":\"hr\"}]}<\/script>\n<!-- \/ Yoast SEO plugin. -->","yoast_head_json":{"title":"Pravila privatnosti - Dr Vivian Estetics","robots":{"index":"index","follow":"follow","max-snippet":"max-snippet:-1","max-image-preview":"max-image-preview:large","max-video-preview":"max-video-preview:-1"},"canonical":"https:\/\/drvivianestetics.com\/hr\/pravila-privatnosti\/","og_locale":"hr_HR","og_type":"article","og_title":"Pravila privatnosti - Dr Vivian Estetics","og_url":"https:\/\/drvivianestetics.com\/hr\/pravila-privatnosti\/","og_site_name":"Dr Vivian Estetics","article_modified_time":"2019-07-10T09:02:03+00:00","twitter_card":"summary_large_image","twitter_misc":{"Procijenjeno vrijeme \u010ditanja":"8 minuta"},"schema":{"@context":"https:\/\/schema.org","@graph":[{"@type":"WebPage","@id":"https:\/\/drvivianestetics.com\/hr\/pravila-privatnosti\/","url":"https:\/\/drvivianestetics.com\/hr\/pravila-privatnosti\/","name":"Pravila privatnosti - Dr Vivian Estetics","isPartOf":{"@id":"https:\/\/drvivianestetics.com\/#website"},"datePublished":"2019-05-14T10:56:25+00:00","dateModified":"2019-07-10T09:02:03+00:00","breadcrumb":{"@id":"https:\/\/drvivianestetics.com\/hr\/pravila-privatnosti\/#breadcrumb"},"inLanguage":"hr","potentialAction":[{"@type":"ReadAction","target":["https:\/\/drvivianestetics.com\/hr\/pravila-privatnosti\/"]}]},{"@type":"BreadcrumbList","@id":"https:\/\/drvivianestetics.com\/hr\/pravila-privatnosti\/#breadcrumb","itemListElement":[{"@type":"ListItem","position":1,"name":"Home","item":"https:\/\/drvivianestetics.com\/hr\/"},{"@type":"ListItem","position":2,"name":"Pravila privatnosti"}]},{"@type":"WebSite","@id":"https:\/\/drvivianestetics.com\/#website","url":"https:\/\/drvivianestetics.com\/","name":"Dr Vivian Estetics","description":"","potentialAction":[{"@type":"SearchAction","target":{"@type":"EntryPoint","urlTemplate":"https:\/\/drvivianestetics.com\/?s={search_term_string}"},"query-input":{"@type":"PropertyValueSpecification","valueRequired":true,"valueName":"search_term_string"}}],"inLanguage":"hr"}]}},"_links":{"self":[{"href":"https:\/\/drvivianestetics.com\/hr\/wp-json\/wp\/v2\/pages\/526","targetHints":{"allow":["GET"]}}],"collection":[{"href":"https:\/\/drvivianestetics.com\/hr\/wp-json\/wp\/v2\/pages"}],"about":[{"href":"https:\/\/drvivianestetics.com\/hr\/wp-json\/wp\/v2\/types\/page"}],"author":[{"embeddable":true,"href":"https:\/\/drvivianestetics.com\/hr\/wp-json\/wp\/v2\/users\/1"}],"replies":[{"embeddable":true,"href":"https:\/\/drvivianestetics.com\/hr\/wp-json\/wp\/v2\/comments?post=526"}],"version-history":[{"count":5,"href":"https:\/\/drvivianestetics.com\/hr\/wp-json\/wp\/v2\/pages\/526\/revisions"}],"predecessor-version":[{"id":564,"href":"https:\/\/drvivianestetics.com\/hr\/wp-json\/wp\/v2\/pages\/526\/revisions\/564"}],"wp:attachment":[{"href":"https:\/\/drvivianestetics.com\/hr\/wp-json\/wp\/v2\/media?parent=526"}],"curies":[{"name":"wp","href":"https:\/\/api.w.org\/{rel}","templated":true}]}}