{"id":2760,"date":"2021-02-02T12:34:32","date_gmt":"2021-02-02T12:34:32","guid":{"rendered":"https:\/\/drvivianestetics.com\/?post_type=product&#038;p=2760"},"modified":"2025-04-24T11:29:39","modified_gmt":"2025-04-24T11:29:39","slug":"pjena-za-ciscenje-oligomousse","status":"publish","type":"product","link":"https:\/\/drvivianestetics.com\/hr\/proizvod\/pjena-za-ciscenje-oligomousse\/","title":{"rendered":"Pjena za \u010di\u0161\u0107enje &#8211; OligoMousse"},"content":{"rendered":"<p><i>Mekana i blaga pjena idealna je za dubinsko \u010di\u0161\u0107enje ko\u017ee lica, vrata i dekoltea, te u\u010dinkovito uklanja ne\u010disto\u0107e, masno\u0107u i make-up, zadr\u017eavaju\u0107i meko\u0107u i glatko\u0107u ko\u017ee.<\/i><\/p>\n<p>OligoMousse<span class=\"Apple-converted-space\">\u00a0 <\/span>pjenasti je \u010dista\u010d s efektom maglice na bazi oligoelemenata i morske vode, koji zahvaljuju\u0107i posebnom sustavu pumpice pretvara teku\u0107inu iz bo\u010dice u mekanu, podatnu, svje\u017eu i bar\u0161unastu bijelu pjenu, savr\u0161enu za dnevno umivanje i \u010di\u0161\u0107enje ko\u017ee lica, vrata i dekoltea. Pjenasta struktura \u010dini ga saveznikom u postizanju idealne ljepote<span class=\"Apple-converted-space\">\u00a0 <\/span>svim ljubiteljima<span class=\"Apple-converted-space\">\u00a0 <\/span>brzog,, ali i u\u010dinkovitog, laganog i hidratiziraju\u0107eg \u010di\u0161\u0107enja, s dubinskim svojstvima, zahvaljuju\u0107i povr\u0161inski aktivnim tvarima na bazi maslinovog ulja i mje\u0161avini voda ( vode ljekovite an\u0111elike i razli\u010dka) koje dubinski \u010diste i hidratiziraju ko\u017eu.<\/p>\n<p><b>AKTIVNE TVARI<\/b><br \/>\n\u2022 oligoelementi (magnezij, bakar, cink, kalcij, \u017eeljezo, sumpor, silicij, cink): minerali koji reguliraju i poti\u010du kemijske i metaboli\u010dke reakcije neophodne za zdravlje ko\u017ee.<br \/>\n\u2022 voda ljekovite an\u0111elike i razli\u010dka: svojstvo od\u010depljivanja i toniranja<br \/>\n\u2022 morska voda: mineralizira i obnavlja<span class=\"Apple-converted-space\">\u00a0<\/span><\/p>\n<p><b>UPUTE ZA KORI\u0160TENJE :<\/b><\/p>\n<p>Nanijeti svaki dan, ujutro i nave\u010der 2\/3 pumpice pjene za \u010di\u0161\u0107enje <i>Oligomousse<\/i> na vla\u017enu ko\u017eu lica, vrata i dekoltea i masirati kru\u017enim pokretima, zaustavljaju\u0107i se na zonama s najvi\u0161e ne\u010disto\u0107a. Za vrijeme umivanja, pjenasta tekstura postaje mek\u0161a, poluteku\u0107a i vrlo lagana za uklanjanje. Isprati, po\u0161pricati tonikom i nastaviti sa serumom i kremom koja je najprimjerenija za Va\u0161 tip ko\u017ee.<span class=\"Apple-converted-space\">\u00a0<\/span><\/p>\n<p>&nbsp;<\/p>\n<p>&nbsp;<\/p>\n","protected":false},"excerpt":{"rendered":"<p><i>Mekana i blaga pjena idealna je za dubinsko \u010di\u0161\u0107enje ko\u017ee lica, vrata i dekoltea, te u\u010dinkovito uklanja ne\u010disto\u0107e, masno\u0107u i make-up, zadr\u017eavaju\u0107i meko\u0107u i glatko\u0107u ko\u017ee.<\/i><\/p>\n","protected":false},"featured_media":2778,"template":"","meta":[],"product_brand":[],"product_cat":[72],"product_tag":[],"class_list":{"0":"post-2760","1":"product","2":"type-product","3":"status-publish","4":"has-post-thumbnail","6":"product_cat-uncategorized-hr","8":"first","9":"instock","10":"taxable","11":"shipping-taxable","12":"purchasable","13":"product-type-simple"},"yoast_head":"<!-- This site is optimized with the Yoast SEO plugin v27.4 - https:\/\/yoast.com\/product\/yoast-seo-wordpress\/ -->\n<title>Pjena za \u010di\u0161\u0107enje - OligoMousse - Dr Vivian Estetics<\/title>\n<meta name=\"robots\" content=\"index, follow, max-snippet:-1, max-image-preview:large, max-video-preview:-1\" \/>\n<link rel=\"canonical\" href=\"https:\/\/drvivianestetics.com\/hr\/proizvod\/pjena-za-ciscenje-oligomousse\/\" \/>\n<meta property=\"og:locale\" content=\"hr_HR\" \/>\n<meta property=\"og:type\" content=\"article\" \/>\n<meta property=\"og:title\" content=\"Pjena za \u010di\u0161\u0107enje - OligoMousse - Dr Vivian Estetics\" \/>\n<meta property=\"og:description\" content=\"Mekana i blaga pjena idealna je za dubinsko \u010di\u0161\u0107enje ko\u017ee lica, vrata i dekoltea, te u\u010dinkovito uklanja ne\u010disto\u0107e, masno\u0107u i make-up, zadr\u017eavaju\u0107i meko\u0107u i glatko\u0107u ko\u017ee.\" \/>\n<meta property=\"og:url\" content=\"https:\/\/drvivianestetics.com\/hr\/proizvod\/pjena-za-ciscenje-oligomousse\/\" \/>\n<meta property=\"og:site_name\" content=\"Dr Vivian Estetics\" \/>\n<meta property=\"article:modified_time\" content=\"2025-04-24T11:29:39+00:00\" \/>\n<meta property=\"og:image\" content=\"https:\/\/drvivianestetics.com\/wp-content\/uploads\/2021\/02\/muse-featured.jpg\" \/>\n\t<meta property=\"og:image:width\" content=\"1000\" \/>\n\t<meta property=\"og:image:height\" content=\"1000\" \/>\n\t<meta property=\"og:image:type\" content=\"image\/jpeg\" \/>\n<meta name=\"twitter:card\" content=\"summary_large_image\" \/>\n<meta name=\"twitter:label1\" content=\"Procijenjeno vrijeme \u010ditanja\" \/>\n\t<meta name=\"twitter:data1\" content=\"2 minute\" \/>\n<script type=\"application\/ld+json\" class=\"yoast-schema-graph\">{\"@context\":\"https:\\\/\\\/schema.org\",\"@graph\":[{\"@type\":\"WebPage\",\"@id\":\"https:\\\/\\\/drvivianestetics.com\\\/hr\\\/proizvod\\\/pjena-za-ciscenje-oligomousse\\\/\",\"url\":\"https:\\\/\\\/drvivianestetics.com\\\/hr\\\/proizvod\\\/pjena-za-ciscenje-oligomousse\\\/\",\"name\":\"Pjena za \u010di\u0161\u0107enje - OligoMousse - Dr Vivian Estetics\",\"isPartOf\":{\"@id\":\"https:\\\/\\\/drvivianestetics.com\\\/#website\"},\"primaryImageOfPage\":{\"@id\":\"https:\\\/\\\/drvivianestetics.com\\\/hr\\\/proizvod\\\/pjena-za-ciscenje-oligomousse\\\/#primaryimage\"},\"image\":{\"@id\":\"https:\\\/\\\/drvivianestetics.com\\\/hr\\\/proizvod\\\/pjena-za-ciscenje-oligomousse\\\/#primaryimage\"},\"thumbnailUrl\":\"https:\\\/\\\/drvivianestetics.com\\\/wp-content\\\/uploads\\\/2021\\\/02\\\/muse-featured.jpg\",\"datePublished\":\"2021-02-02T12:34:32+00:00\",\"dateModified\":\"2025-04-24T11:29:39+00:00\",\"breadcrumb\":{\"@id\":\"https:\\\/\\\/drvivianestetics.com\\\/hr\\\/proizvod\\\/pjena-za-ciscenje-oligomousse\\\/#breadcrumb\"},\"inLanguage\":\"hr\",\"potentialAction\":[{\"@type\":\"ReadAction\",\"target\":[\"https:\\\/\\\/drvivianestetics.com\\\/hr\\\/proizvod\\\/pjena-za-ciscenje-oligomousse\\\/\"]}]},{\"@type\":\"ImageObject\",\"inLanguage\":\"hr\",\"@id\":\"https:\\\/\\\/drvivianestetics.com\\\/hr\\\/proizvod\\\/pjena-za-ciscenje-oligomousse\\\/#primaryimage\",\"url\":\"https:\\\/\\\/drvivianestetics.com\\\/wp-content\\\/uploads\\\/2021\\\/02\\\/muse-featured.jpg\",\"contentUrl\":\"https:\\\/\\\/drvivianestetics.com\\\/wp-content\\\/uploads\\\/2021\\\/02\\\/muse-featured.jpg\",\"width\":1000,\"height\":1000},{\"@type\":\"BreadcrumbList\",\"@id\":\"https:\\\/\\\/drvivianestetics.com\\\/hr\\\/proizvod\\\/pjena-za-ciscenje-oligomousse\\\/#breadcrumb\",\"itemListElement\":[{\"@type\":\"ListItem\",\"position\":1,\"name\":\"Home\",\"item\":\"https:\\\/\\\/drvivianestetics.com\\\/hr\\\/\"},{\"@type\":\"ListItem\",\"position\":2,\"name\":\"Shop\",\"item\":\"https:\\\/\\\/drvivianestetics.com\\\/hr\\\/shop\\\/\"},{\"@type\":\"ListItem\",\"position\":3,\"name\":\"Pjena za \u010di\u0161\u0107enje &#8211; OligoMousse\"}]},{\"@type\":\"WebSite\",\"@id\":\"https:\\\/\\\/drvivianestetics.com\\\/#website\",\"url\":\"https:\\\/\\\/drvivianestetics.com\\\/\",\"name\":\"Dr Vivian Estetics\",\"description\":\"\",\"potentialAction\":[{\"@type\":\"SearchAction\",\"target\":{\"@type\":\"EntryPoint\",\"urlTemplate\":\"https:\\\/\\\/drvivianestetics.com\\\/?s={search_term_string}\"},\"query-input\":{\"@type\":\"PropertyValueSpecification\",\"valueRequired\":true,\"valueName\":\"search_term_string\"}}],\"inLanguage\":\"hr\"}]}<\/script>\n<!-- \/ Yoast SEO plugin. -->","yoast_head_json":{"title":"Pjena za \u010di\u0161\u0107enje - OligoMousse - Dr Vivian Estetics","robots":{"index":"index","follow":"follow","max-snippet":"max-snippet:-1","max-image-preview":"max-image-preview:large","max-video-preview":"max-video-preview:-1"},"canonical":"https:\/\/drvivianestetics.com\/hr\/proizvod\/pjena-za-ciscenje-oligomousse\/","og_locale":"hr_HR","og_type":"article","og_title":"Pjena za \u010di\u0161\u0107enje - OligoMousse - Dr Vivian Estetics","og_description":"Mekana i blaga pjena idealna je za dubinsko \u010di\u0161\u0107enje ko\u017ee lica, vrata i dekoltea, te u\u010dinkovito uklanja ne\u010disto\u0107e, masno\u0107u i make-up, zadr\u017eavaju\u0107i meko\u0107u i glatko\u0107u ko\u017ee.","og_url":"https:\/\/drvivianestetics.com\/hr\/proizvod\/pjena-za-ciscenje-oligomousse\/","og_site_name":"Dr Vivian Estetics","article_modified_time":"2025-04-24T11:29:39+00:00","og_image":[{"width":1000,"height":1000,"url":"https:\/\/drvivianestetics.com\/wp-content\/uploads\/2021\/02\/muse-featured.jpg","type":"image\/jpeg"}],"twitter_card":"summary_large_image","twitter_misc":{"Procijenjeno vrijeme \u010ditanja":"2 minute"},"schema":{"@context":"https:\/\/schema.org","@graph":[{"@type":"WebPage","@id":"https:\/\/drvivianestetics.com\/hr\/proizvod\/pjena-za-ciscenje-oligomousse\/","url":"https:\/\/drvivianestetics.com\/hr\/proizvod\/pjena-za-ciscenje-oligomousse\/","name":"Pjena za \u010di\u0161\u0107enje - OligoMousse - Dr Vivian Estetics","isPartOf":{"@id":"https:\/\/drvivianestetics.com\/#website"},"primaryImageOfPage":{"@id":"https:\/\/drvivianestetics.com\/hr\/proizvod\/pjena-za-ciscenje-oligomousse\/#primaryimage"},"image":{"@id":"https:\/\/drvivianestetics.com\/hr\/proizvod\/pjena-za-ciscenje-oligomousse\/#primaryimage"},"thumbnailUrl":"https:\/\/drvivianestetics.com\/wp-content\/uploads\/2021\/02\/muse-featured.jpg","datePublished":"2021-02-02T12:34:32+00:00","dateModified":"2025-04-24T11:29:39+00:00","breadcrumb":{"@id":"https:\/\/drvivianestetics.com\/hr\/proizvod\/pjena-za-ciscenje-oligomousse\/#breadcrumb"},"inLanguage":"hr","potentialAction":[{"@type":"ReadAction","target":["https:\/\/drvivianestetics.com\/hr\/proizvod\/pjena-za-ciscenje-oligomousse\/"]}]},{"@type":"ImageObject","inLanguage":"hr","@id":"https:\/\/drvivianestetics.com\/hr\/proizvod\/pjena-za-ciscenje-oligomousse\/#primaryimage","url":"https:\/\/drvivianestetics.com\/wp-content\/uploads\/2021\/02\/muse-featured.jpg","contentUrl":"https:\/\/drvivianestetics.com\/wp-content\/uploads\/2021\/02\/muse-featured.jpg","width":1000,"height":1000},{"@type":"BreadcrumbList","@id":"https:\/\/drvivianestetics.com\/hr\/proizvod\/pjena-za-ciscenje-oligomousse\/#breadcrumb","itemListElement":[{"@type":"ListItem","position":1,"name":"Home","item":"https:\/\/drvivianestetics.com\/hr\/"},{"@type":"ListItem","position":2,"name":"Shop","item":"https:\/\/drvivianestetics.com\/hr\/shop\/"},{"@type":"ListItem","position":3,"name":"Pjena za \u010di\u0161\u0107enje &#8211; OligoMousse"}]},{"@type":"WebSite","@id":"https:\/\/drvivianestetics.com\/#website","url":"https:\/\/drvivianestetics.com\/","name":"Dr Vivian Estetics","description":"","potentialAction":[{"@type":"SearchAction","target":{"@type":"EntryPoint","urlTemplate":"https:\/\/drvivianestetics.com\/?s={search_term_string}"},"query-input":{"@type":"PropertyValueSpecification","valueRequired":true,"valueName":"search_term_string"}}],"inLanguage":"hr"}]}},"_links":{"self":[{"href":"https:\/\/drvivianestetics.com\/hr\/wp-json\/wp\/v2\/product\/2760","targetHints":{"allow":["GET"]}}],"collection":[{"href":"https:\/\/drvivianestetics.com\/hr\/wp-json\/wp\/v2\/product"}],"about":[{"href":"https:\/\/drvivianestetics.com\/hr\/wp-json\/wp\/v2\/types\/product"}],"wp:featuredmedia":[{"embeddable":true,"href":"https:\/\/drvivianestetics.com\/hr\/wp-json\/wp\/v2\/media\/2778"}],"wp:attachment":[{"href":"https:\/\/drvivianestetics.com\/hr\/wp-json\/wp\/v2\/media?parent=2760"}],"wp:term":[{"taxonomy":"product_brand","embeddable":true,"href":"https:\/\/drvivianestetics.com\/hr\/wp-json\/wp\/v2\/product_brand?post=2760"},{"taxonomy":"product_cat","embeddable":true,"href":"https:\/\/drvivianestetics.com\/hr\/wp-json\/wp\/v2\/product_cat?post=2760"},{"taxonomy":"product_tag","embeddable":true,"href":"https:\/\/drvivianestetics.com\/hr\/wp-json\/wp\/v2\/product_tag?post=2760"}],"curies":[{"name":"wp","href":"https:\/\/api.w.org\/{rel}","templated":true}]}}