{"id":2769,"date":"2021-02-02T13:32:30","date_gmt":"2021-02-02T13:32:30","guid":{"rendered":"https:\/\/drvivianestetics.com\/?post_type=product&#038;p=2769"},"modified":"2025-04-24T11:29:42","modified_gmt":"2025-04-24T11:29:42","slug":"multivitaminska-krema-za-lice","status":"publish","type":"product","link":"https:\/\/drvivianestetics.com\/hr\/proizvod\/multivitaminska-krema-za-lice\/","title":{"rendered":"Multivitaminska krema za lice"},"content":{"rendered":"<p>Multivitamin Cream \/multivitaminska krema\/ dnevna i no\u0107na krema idealna<span class=\"Apple-converted-space\">\u00a0 <\/span>je<span class=\"Apple-converted-space\">\u00a0 <\/span>za lice, jer hrani, daje elasticitet i ugodna je na ko\u017ei. Dragocjeni je koncentrat antioksidacijskih tvari u mekanoj emulziji bogatoj vitaminima A,B5, C, E, F i goji bobicama, a njena svojstva djeluju na o\u0161te\u0107enja ko\u017ee izazvanim dnevnim zra\u010denjem UV zraka i slobodnim radikalima.<\/p>\n<p>Vitamini, nenadma\u0161ni izvori ljepote i zdravlja, pravi su temelj zdravlja na\u0161eg organizma. Ove dragocjene tvari s antioksidacijskim svojstvima koje unosimo<span class=\"Apple-converted-space\">\u00a0 <\/span>zdravom i balansiranom prehranom, kori\u0161tenjem na ko\u017ei postaju neophodne<span class=\"Apple-converted-space\">\u00a0 <\/span>za usporavanje prirodnog procesa starenja ko\u017ee i<span class=\"Apple-converted-space\">\u00a0 <\/span>blistaviji ten.<span class=\"Apple-converted-space\">\u00a0<\/span><\/p>\n<p><b>AKTIVNE TVARI<\/b>:<\/p>\n<p>\u2022 VITAMIN A: ili retinol, sprje\u010dava djelovanje slobodnih radikala, te tako djeluje na usporavanje prirodnog procesa starenja ko\u017ee. Djeluje pozitivno i na pove\u0107anje glikozaminoglikana (GAG-a) i poti\u010de kapacitet ko\u017ee da bi zadr\u017eala optimalnu hidrataciju.<span class=\"Apple-converted-space\">\u00a0<\/span><\/p>\n<p>\u2022 VITAMIN B: ili pantotenska kiselina, sna\u017eno djeluje na hidrataciju ko\u017ee, ubla\u017eava o\u017eiljke i djeluje protuupalno, te je jako bitan za rad stanica u ko\u017enom tkivu, kao i u sprje\u010davanju problemati\u010dne suhe, osjetljive i reaktivne ko\u017ee.<span class=\"Apple-converted-space\">\u00a0<\/span><\/p>\n<p>\u2022 VITAMIN C: ili askorbinska kiselina, ima temeljnu uloge u oja\u010davanju prirodnih obrambenih sustava ko\u017ee i u usporavanju procesa o\u0161te\u0107enja ko\u017ee\/, koji mogu biti uzrokovani UV zrakama i slobodnim radikalima. Poti\u010de stanice kolagena, te tako pove\u0107ava prirodni rad stanica i time ko\u017ea postaje blistavija.<\/p>\n<p>\u2022 VITAMIN E: ili tokoferol,<span class=\"Apple-converted-space\">\u00a0 <\/span>sna\u017eni je antioksidant koji djeluje na usporavanje mehanizama koji utje\u010du na prirodno starenje ko\u017enih stanica. Ima znanstveno dokazana \u201canti-age\u201d svojstva, kao i svojstva obnavljanja i smanjivanja crvenila ko\u017ee.<span class=\"Apple-converted-space\">\u00a0<\/span><\/p>\n<p>\u2022 VITAMIN F: ili linolenska kiselina (Omega 6)<span class=\"Apple-converted-space\">\u00a0 <\/span>kiselinski je kompleks koji obla\u017ee stani\u010dnu membranu \u010dije nestajanje izaziva suho\u0107u i lju\u0161tenje ko\u017ee. Zahvaljuju\u0107i svojem hidratiziraju\u0107em i obnavljaju\u0107em djelovanju oja\u010dava za\u0161titnu (epidermalnu) barijeru ko\u017ee i \u010dini je mek\u0161om i elasti\u010dnom.<span class=\"Apple-converted-space\">\u00a0<\/span><\/p>\n<p>\u2022 GOJI BOBICE: bogate vitaminom A i C, bakrom, cinkom i elaginskom kiselinom izvrsno \u0161tite ko\u017eu od utjecaja slobodnih radikala i poti\u010du eliminaciju nakupljenih toksina koji \u0161tete ljepoti ko\u017ee. Idealni su za sprje\u010davanje nastanka tamnih mrlja od sunca, poma\u017eu odr\u017eati tonus ko\u017ee, elasti\u010dnost i otpornost na stres kojem je ko\u017ea svakodnevno izlo\u017eena.<span class=\"Apple-converted-space\">\u00a0<\/span><\/p>\n<p>\u2022 EKSTRAKT \u0160IPKA: bogat antioksidacijskim flavonoidima, koristi se u tretmanima nadra\u017eene i iziritirane , kao i zrelije i o\u0161te\u0107ene ko\u017ee, a zbog svojih umiruju\u0107ih, obnavljaju\u0107ih svojstava stimulativno djeluju na stvaranje stanica kolagena.<\/p>\n<p>\u2022 3 VRSTE HIJALURONSKE KISELINE: temeljna molekula ko\u017ee, hijaluronska kiselina mo\u017ee zadr\u017eati veliki postotak vode, kao i potaknuti zadr\u017eavanje hidratacije ko\u017ee, \u010dvrsto\u0107e i elasti\u010dnosti izgleda ko\u017ee. Sinergija 3 molekularne te\u017eine hijaluronske kiseline s raznovrsnim kapacitetom penetracije u ko\u017eu poti\u010de stvaranje povr\u0161inskog sloja koji smanjuje prekomjerno isu\u0161ivanje ko\u017ee (visoka molekularna te\u017eina), hidrataciju najdubljih slojeva epiderme (srednja molekularna te\u017eina) i podmazivanje stanica kolagena i elastina, neophodnih<span class=\"Apple-converted-space\">\u00a0 <\/span>za odr\u017eavanje gusto\u0107e i kompaktnosti ko\u017ee (niska molekularna te\u017eina).<span class=\"Apple-converted-space\">\u00a0<\/span><\/p>\n<p>Mekana, ali iznimno hranjiva tekstura \u010dini Multi-Vitamin kremu idealnom kako za mladu ko\u017eu kojoj je potrebna hidratacija, tako i za zreliju ko\u017eu kojoj nedostaje vitalnosti i njege. Ova je krema primjerena za svaku dob i za svako godi\u0161nje doma. Odli\u010dan je saveznik za sprje\u010davanje starenja ko\u017ee. <span class=\"Apple-converted-space\">\u00a0<\/span><\/p>\n<p><b>NA\u010cIN KORI\u0160TENJA<\/b>:<\/p>\n<p>Svaki dan, ujutro i nave\u010der, nakon \u010di\u0161\u0107enja lica ( Hydromilkom (ili<span class=\"Apple-converted-space\">\u00a0 <\/span>Oligomousse) i Hydrolotion tonikom), nanijeti na<span class=\"Apple-converted-space\">\u00a0 <\/span>lice, vrat i dekolte multivitaminsku kremu laganim masa\u017enim pokretima kako bi je ko\u017ea bolje upila (idealno odmah nakon nano\u0161enja\u00a0hijaluronskog Dr.Vivian&#8217;s Anti Aging seruma).<span class=\"Apple-converted-space\">\u00a0<\/span><\/p>\n","protected":false},"excerpt":{"rendered":"<p>Multivitaminska krema \/ \u00a0dnevna i no\u0107na krema idealna<span class=\"Apple-converted-space\">\u00a0 <\/span>je<span class=\"Apple-converted-space\">\u00a0 <\/span>za lice, jer hrani, daje elasticitet i ugodna je na ko\u017ei.<\/p>\n","protected":false},"featured_media":2775,"template":"","meta":[],"product_brand":[],"product_cat":[72],"product_tag":[],"class_list":{"0":"post-2769","1":"product","2":"type-product","3":"status-publish","4":"has-post-thumbnail","6":"product_cat-uncategorized-hr","8":"first","9":"instock","10":"taxable","11":"shipping-taxable","12":"purchasable","13":"product-type-simple"},"yoast_head":"<!-- This site is optimized with the Yoast SEO plugin v27.4 - https:\/\/yoast.com\/product\/yoast-seo-wordpress\/ -->\n<title>Multivitaminska krema za lice - Dr Vivian Estetics<\/title>\n<meta name=\"robots\" content=\"index, follow, max-snippet:-1, max-image-preview:large, max-video-preview:-1\" \/>\n<link rel=\"canonical\" href=\"https:\/\/drvivianestetics.com\/hr\/proizvod\/multivitaminska-krema-za-lice\/\" \/>\n<meta property=\"og:locale\" content=\"hr_HR\" \/>\n<meta property=\"og:type\" content=\"article\" \/>\n<meta property=\"og:title\" content=\"Multivitaminska krema za lice - Dr Vivian Estetics\" \/>\n<meta property=\"og:description\" content=\"Multivitaminska krema \/ \u00a0dnevna i no\u0107na krema idealna\u00a0 je\u00a0 za lice, jer hrani, daje elasticitet i ugodna je na ko\u017ei.\" \/>\n<meta property=\"og:url\" content=\"https:\/\/drvivianestetics.com\/hr\/proizvod\/multivitaminska-krema-za-lice\/\" \/>\n<meta property=\"og:site_name\" content=\"Dr Vivian Estetics\" \/>\n<meta property=\"article:modified_time\" content=\"2025-04-24T11:29:42+00:00\" \/>\n<meta property=\"og:image\" content=\"https:\/\/drvivianestetics.com\/wp-content\/uploads\/2021\/02\/krema-featured.jpg\" \/>\n\t<meta property=\"og:image:width\" content=\"1000\" \/>\n\t<meta property=\"og:image:height\" content=\"1000\" \/>\n\t<meta property=\"og:image:type\" content=\"image\/jpeg\" \/>\n<meta name=\"twitter:card\" content=\"summary_large_image\" \/>\n<meta name=\"twitter:label1\" content=\"Procijenjeno vrijeme \u010ditanja\" \/>\n\t<meta name=\"twitter:data1\" content=\"3 minute\" \/>\n<script type=\"application\/ld+json\" class=\"yoast-schema-graph\">{\"@context\":\"https:\\\/\\\/schema.org\",\"@graph\":[{\"@type\":\"WebPage\",\"@id\":\"https:\\\/\\\/drvivianestetics.com\\\/hr\\\/proizvod\\\/multivitaminska-krema-za-lice\\\/\",\"url\":\"https:\\\/\\\/drvivianestetics.com\\\/hr\\\/proizvod\\\/multivitaminska-krema-za-lice\\\/\",\"name\":\"Multivitaminska krema za lice - Dr Vivian Estetics\",\"isPartOf\":{\"@id\":\"https:\\\/\\\/drvivianestetics.com\\\/#website\"},\"primaryImageOfPage\":{\"@id\":\"https:\\\/\\\/drvivianestetics.com\\\/hr\\\/proizvod\\\/multivitaminska-krema-za-lice\\\/#primaryimage\"},\"image\":{\"@id\":\"https:\\\/\\\/drvivianestetics.com\\\/hr\\\/proizvod\\\/multivitaminska-krema-za-lice\\\/#primaryimage\"},\"thumbnailUrl\":\"https:\\\/\\\/drvivianestetics.com\\\/wp-content\\\/uploads\\\/2021\\\/02\\\/krema-featured.jpg\",\"datePublished\":\"2021-02-02T13:32:30+00:00\",\"dateModified\":\"2025-04-24T11:29:42+00:00\",\"breadcrumb\":{\"@id\":\"https:\\\/\\\/drvivianestetics.com\\\/hr\\\/proizvod\\\/multivitaminska-krema-za-lice\\\/#breadcrumb\"},\"inLanguage\":\"hr\",\"potentialAction\":[{\"@type\":\"ReadAction\",\"target\":[\"https:\\\/\\\/drvivianestetics.com\\\/hr\\\/proizvod\\\/multivitaminska-krema-za-lice\\\/\"]}]},{\"@type\":\"ImageObject\",\"inLanguage\":\"hr\",\"@id\":\"https:\\\/\\\/drvivianestetics.com\\\/hr\\\/proizvod\\\/multivitaminska-krema-za-lice\\\/#primaryimage\",\"url\":\"https:\\\/\\\/drvivianestetics.com\\\/wp-content\\\/uploads\\\/2021\\\/02\\\/krema-featured.jpg\",\"contentUrl\":\"https:\\\/\\\/drvivianestetics.com\\\/wp-content\\\/uploads\\\/2021\\\/02\\\/krema-featured.jpg\",\"width\":1000,\"height\":1000},{\"@type\":\"BreadcrumbList\",\"@id\":\"https:\\\/\\\/drvivianestetics.com\\\/hr\\\/proizvod\\\/multivitaminska-krema-za-lice\\\/#breadcrumb\",\"itemListElement\":[{\"@type\":\"ListItem\",\"position\":1,\"name\":\"Home\",\"item\":\"https:\\\/\\\/drvivianestetics.com\\\/hr\\\/\"},{\"@type\":\"ListItem\",\"position\":2,\"name\":\"Shop\",\"item\":\"https:\\\/\\\/drvivianestetics.com\\\/hr\\\/shop\\\/\"},{\"@type\":\"ListItem\",\"position\":3,\"name\":\"Multivitaminska krema za lice\"}]},{\"@type\":\"WebSite\",\"@id\":\"https:\\\/\\\/drvivianestetics.com\\\/#website\",\"url\":\"https:\\\/\\\/drvivianestetics.com\\\/\",\"name\":\"Dr Vivian Estetics\",\"description\":\"\",\"potentialAction\":[{\"@type\":\"SearchAction\",\"target\":{\"@type\":\"EntryPoint\",\"urlTemplate\":\"https:\\\/\\\/drvivianestetics.com\\\/?s={search_term_string}\"},\"query-input\":{\"@type\":\"PropertyValueSpecification\",\"valueRequired\":true,\"valueName\":\"search_term_string\"}}],\"inLanguage\":\"hr\"}]}<\/script>\n<!-- \/ Yoast SEO plugin. -->","yoast_head_json":{"title":"Multivitaminska krema za lice - Dr Vivian Estetics","robots":{"index":"index","follow":"follow","max-snippet":"max-snippet:-1","max-image-preview":"max-image-preview:large","max-video-preview":"max-video-preview:-1"},"canonical":"https:\/\/drvivianestetics.com\/hr\/proizvod\/multivitaminska-krema-za-lice\/","og_locale":"hr_HR","og_type":"article","og_title":"Multivitaminska krema za lice - Dr Vivian Estetics","og_description":"Multivitaminska krema \/ \u00a0dnevna i no\u0107na krema idealna\u00a0 je\u00a0 za lice, jer hrani, daje elasticitet i ugodna je na ko\u017ei.","og_url":"https:\/\/drvivianestetics.com\/hr\/proizvod\/multivitaminska-krema-za-lice\/","og_site_name":"Dr Vivian Estetics","article_modified_time":"2025-04-24T11:29:42+00:00","og_image":[{"width":1000,"height":1000,"url":"https:\/\/drvivianestetics.com\/wp-content\/uploads\/2021\/02\/krema-featured.jpg","type":"image\/jpeg"}],"twitter_card":"summary_large_image","twitter_misc":{"Procijenjeno vrijeme \u010ditanja":"3 minute"},"schema":{"@context":"https:\/\/schema.org","@graph":[{"@type":"WebPage","@id":"https:\/\/drvivianestetics.com\/hr\/proizvod\/multivitaminska-krema-za-lice\/","url":"https:\/\/drvivianestetics.com\/hr\/proizvod\/multivitaminska-krema-za-lice\/","name":"Multivitaminska krema za lice - Dr Vivian Estetics","isPartOf":{"@id":"https:\/\/drvivianestetics.com\/#website"},"primaryImageOfPage":{"@id":"https:\/\/drvivianestetics.com\/hr\/proizvod\/multivitaminska-krema-za-lice\/#primaryimage"},"image":{"@id":"https:\/\/drvivianestetics.com\/hr\/proizvod\/multivitaminska-krema-za-lice\/#primaryimage"},"thumbnailUrl":"https:\/\/drvivianestetics.com\/wp-content\/uploads\/2021\/02\/krema-featured.jpg","datePublished":"2021-02-02T13:32:30+00:00","dateModified":"2025-04-24T11:29:42+00:00","breadcrumb":{"@id":"https:\/\/drvivianestetics.com\/hr\/proizvod\/multivitaminska-krema-za-lice\/#breadcrumb"},"inLanguage":"hr","potentialAction":[{"@type":"ReadAction","target":["https:\/\/drvivianestetics.com\/hr\/proizvod\/multivitaminska-krema-za-lice\/"]}]},{"@type":"ImageObject","inLanguage":"hr","@id":"https:\/\/drvivianestetics.com\/hr\/proizvod\/multivitaminska-krema-za-lice\/#primaryimage","url":"https:\/\/drvivianestetics.com\/wp-content\/uploads\/2021\/02\/krema-featured.jpg","contentUrl":"https:\/\/drvivianestetics.com\/wp-content\/uploads\/2021\/02\/krema-featured.jpg","width":1000,"height":1000},{"@type":"BreadcrumbList","@id":"https:\/\/drvivianestetics.com\/hr\/proizvod\/multivitaminska-krema-za-lice\/#breadcrumb","itemListElement":[{"@type":"ListItem","position":1,"name":"Home","item":"https:\/\/drvivianestetics.com\/hr\/"},{"@type":"ListItem","position":2,"name":"Shop","item":"https:\/\/drvivianestetics.com\/hr\/shop\/"},{"@type":"ListItem","position":3,"name":"Multivitaminska krema za lice"}]},{"@type":"WebSite","@id":"https:\/\/drvivianestetics.com\/#website","url":"https:\/\/drvivianestetics.com\/","name":"Dr Vivian Estetics","description":"","potentialAction":[{"@type":"SearchAction","target":{"@type":"EntryPoint","urlTemplate":"https:\/\/drvivianestetics.com\/?s={search_term_string}"},"query-input":{"@type":"PropertyValueSpecification","valueRequired":true,"valueName":"search_term_string"}}],"inLanguage":"hr"}]}},"_links":{"self":[{"href":"https:\/\/drvivianestetics.com\/hr\/wp-json\/wp\/v2\/product\/2769","targetHints":{"allow":["GET"]}}],"collection":[{"href":"https:\/\/drvivianestetics.com\/hr\/wp-json\/wp\/v2\/product"}],"about":[{"href":"https:\/\/drvivianestetics.com\/hr\/wp-json\/wp\/v2\/types\/product"}],"wp:featuredmedia":[{"embeddable":true,"href":"https:\/\/drvivianestetics.com\/hr\/wp-json\/wp\/v2\/media\/2775"}],"wp:attachment":[{"href":"https:\/\/drvivianestetics.com\/hr\/wp-json\/wp\/v2\/media?parent=2769"}],"wp:term":[{"taxonomy":"product_brand","embeddable":true,"href":"https:\/\/drvivianestetics.com\/hr\/wp-json\/wp\/v2\/product_brand?post=2769"},{"taxonomy":"product_cat","embeddable":true,"href":"https:\/\/drvivianestetics.com\/hr\/wp-json\/wp\/v2\/product_cat?post=2769"},{"taxonomy":"product_tag","embeddable":true,"href":"https:\/\/drvivianestetics.com\/hr\/wp-json\/wp\/v2\/product_tag?post=2769"}],"curies":[{"name":"wp","href":"https:\/\/api.w.org\/{rel}","templated":true}]}}