{"id":2786,"date":"2021-02-02T13:50:35","date_gmt":"2021-02-02T13:50:35","guid":{"rendered":"https:\/\/drvivianestetics.com\/?post_type=product&#038;p=2786"},"modified":"2025-11-25T11:16:45","modified_gmt":"2025-11-25T11:16:45","slug":"hyaluronic-acid-face-serum-multivitaminska-krema","status":"publish","type":"product","link":"https:\/\/drvivianestetics.com\/hr\/proizvod\/hyaluronic-acid-face-serum-multivitaminska-krema\/","title":{"rendered":"Hyaluronic Acid Face Serum + Multivitaminska krema"},"content":{"rendered":"<h3><strong>DR. VIVIAN&#8217;S ANTI AGE SERUM <\/strong><\/h3>\n<p>Dr. Vivian\u2019s anti age serum proizveden je u Sunrise laboratorijima koji je ve\u0107 35 godina posve\u0107en razvoju visokokvalitetne profesionalne kozmetike \u010diji je cilj konstantno podizanje standarda na polju dermatokozmetike.\u2028Ova dermatokozmetika spoj je HI-TECH kozmetike i aktivnih sastojaka sa visokim biolo\u0161kim vrijednostima, bez parabena, bez petrolata , silikona i GMO.\u2028Dr. Vivian\u2019s anti age serum je ekskluzivni serum mekane teksture koji je svakida\u0161nji \u201emust skincare\u201c mu\u0161ke i \u017eenske populacije koji koncetrira u sebi sve pozitivne osobine suvremenog kozmeti\u010dkog preparata.\u2028Ovaj serum omogu\u0107uje ko\u017ei vra\u0107anje pravilnih mehani\u010dkih svojstva kompaktnosti, \u010dvrsto\u0107e i elasti\u010dnosti i time poma\u017ee restrukturaciju ko\u017ee.\u2028Temeljni sastojak seruma je hijaluronska kiselina. Hijaluronska kiselina je dragocjena molekula koju ko\u017ea ve\u0107 sadr\u017ei u svojoj strukturi. Odgovorna je za odr\u017eavanje optimalnog stupnja hidratacije ko\u017ee i odr\u017eava turgor, elasti\u010dnost i mladolikost ko\u017ee. S vremenom se koncetracija hijaluronske kiseline smanjuje u ko\u017ei i time drasti\u010dno opada prirodna hidratacija tkiva te se na taj na\u010din stanjuje barijera ko\u017ee. Manifestiraju se nesavr\u0161enosti ko\u017ee kao suha ko\u017ea, senzibilnost, siva ko\u017ea bez sjaja i pojava bora.<\/p>\n<p><strong>Dr. Vivian\u2019s anti age serum<\/strong> \u2013 smi\u0161ljen je upravo da intenzivno intervenira na procese starenja ko\u017ee i vidljivo ih smanjuje.<\/p>\n<p><strong>Djeluje na vi\u0161e razina<\/strong>:<br \/>\n\u2013 \u0161titi i lubrificira elastinska vlakna<br \/>\n\u2013 pospje\u0161uje remodelaciju razli\u010ditih tipova kolagenih niti<br \/>\n\u2013 poma\u017ee ko\u017ei u borbi protiv vanjskih utjecaja koji djeluju na starenje ko\u017ee<\/p>\n<p>Sve te funkcije doga\u0111aju se zahvaljuju\u0107i higroskopskim svojstvima hijaluronske kiseline tj. svojstva zadr\u017eavanja vode unutar stanica napuhuju\u0107i tako tkivo ko\u017ee, minimaliziraju\u0107i sve male bore \u010diji je bio uzrok nepravilna hidratacija ko\u017ee.\u2028Hijaluronska kiselina upotrebljena u ovom serumu dobivena je enzimatskom biofermetacijom koja daje specifi\u010dni <strong>ECOCERT<\/strong> = certifikat koji karakterizira mnoge biolo\u0161ke dermatokozmetike i na taj na\u010din ju \u010dini mnogo sigurnijom za ko\u017eu.\u2028Ekskluzivnost ovoga seruma je i u tome \u0161to sadr\u017ei hijaluronsku kiselinu u <strong>\u010cISTOM PRAHU 0,5%<\/strong> , a ne u razrije\u0111enoj otopini kao \u0161to se upotrebljava u mno\u0161tvo sli\u010dnih proizvoda. Pove\u0107ana \u010disto\u0107a aktivnog sastojka je povezana sa srednje visokom molekularnom te\u017einom koja osim \u0161to pozitivno djeluje na hidrataciju dozvoljava i da se proizvod ravnomjerno raspodjeli po ko\u017ei formiraju\u0107i tzv. viskoelasti\u010dni film sa efektom \u201eanti-zaga\u0111enje\u201c te tako \u010dini za\u0161titnu barijeru ko\u017ee, impregniraju\u0107i ko\u017eu, zadr\u017eavaju\u0107i molekule vode i sni\u017eavaju\u0107i evaporaciju ko\u017ee. \u2028Zbog navedenih svojstva ovaj proizvod je idealan kao baza za make-up, brani apsorciju make-up-a u pore te time \u010dini ko\u017eu glatkom i neiritabilnom.<\/p>\n<p>U\u010dinci ovoga seruma su vi\u0161estruki:<br \/>\n\u2013 kratkoro\u010dni<br \/>\n\u2013 srednjoro\u010dni<br \/>\n\u2013 dugoro\u010dni<\/p>\n<p><strong>1. KRATKORO\u010cNI U\u010cINAK<\/strong>:<br \/>\n\u2013 je trenuta\u010dan, ve\u0107 pri prvoj aplikaciji zamijeti se uo\u010dljiva promjena meko\u0107e i sjaja ko\u017ee<br \/>\n<strong>2. SREDNJORO\u010cNI U\u010cINAK<\/strong>:<br \/>\n\u2013 nakon nekoliko aplikacija pove\u0107ava se intezivnost \u201eturn over\u201c stanica prirodnog procesa<br \/>\n\u2013 neophodnog da nove epitelne stanice izbiju na povr\u0161inu i u\u010dine ko\u017eu kompaktnijom i bolje strukturiranu<br \/>\n<strong>3. DUGORO\u010cNI U\u010cINAK<\/strong>:<br \/>\n\u2013 konstantnom aplikacijom seruma uo\u010dava se pobolj\u0161anje prirodne barijere ko\u017ee omogu\u0107uju\u0107i ko\u017ei bolju<br \/>\nrezistenciju na utjecaje stresa koji uzrokuje o\u0161te\u0107enje ko\u017ee i ne\u017eeljene imperfekcije vezane za chrono<br \/>\ni foto starenje<\/p>\n<p><strong>Dr. Vivian\u2019s anti age serum se koristi<\/strong> :<br \/>\nSavr\u0161eni je partner u svakida\u0161njoj njezi ko\u017ee. Prakti\u010dno pakiranje sa pipetom \u010dini ga<br \/>\njednostavnim za uporabu i svakodnevnoj rutini nakon \u010di\u0161\u0107enja ko\u017ee. Potrebno je nanijeti nekoliko<br \/>\nkapi ma lice, vrat i dekolte u kombinaciji sa dnevnom kremom ili bez.<\/p>\n<p>&nbsp;<\/p>\n<h3><strong>Multivitamin Cream \/multivitaminska krema\/ <\/strong><\/h3>\n<p>Multivitamin Cream \/multivitaminska krema\/ dnevna i no\u0107na krema idealna<span class=\"Apple-converted-space\">\u00a0 <\/span>je<span class=\"Apple-converted-space\">\u00a0 <\/span>za lice, jer hrani, daje elasticitet i ugodna je na ko\u017ei. Dragocjeni je koncentrat antioksidacijskih tvari u mekanoj emulziji bogatoj vitaminima A,B5, C, E, F i goji bobicama, a njena svojstva djeluju na o\u0161te\u0107enja ko\u017ee izazvanim dnevnim zra\u010denjem UV zraka i slobodnim radikalima.<\/p>\n<p>Vitamini, nenadma\u0161ni izvori ljepote i zdravlja, pravi su temelj zdravlja na\u0161eg organizma. Ove dragocjene tvari s antioksidacijskim svojstvima koje unosimo<span class=\"Apple-converted-space\">\u00a0 <\/span>zdravom i balansiranom prehranom, kori\u0161tenjem na ko\u017ei postaju neophodne<span class=\"Apple-converted-space\">\u00a0 <\/span>za usporavanje prirodnog procesa starenja ko\u017ee i<span class=\"Apple-converted-space\">\u00a0 <\/span>blistaviji ten.<\/p>\n<p><b>AKTIVNE TVARI<\/b>:<\/p>\n<p>\u2022 VITAMIN A: ili retinol, sprje\u010dava djelovanje slobodnih radikala, te tako djeluje na usporavanje prirodnog procesa starenja ko\u017ee. Djeluje pozitivno i na pove\u0107anje glikozaminoglikana (GAG-a) i poti\u010de kapacitet ko\u017ee da bi zadr\u017eala optimalnu hidrataciju.<\/p>\n<p>\u2022 VITAMIN B: ili pantotenska kiselina, sna\u017eno djeluje na hidrataciju ko\u017ee, ubla\u017eava o\u017eiljke i djeluje protuupalno, te je jako bitan za rad stanica u ko\u017enom tkivu, kao i u sprje\u010davanju problemati\u010dne suhe, osjetljive i reaktivne ko\u017ee.<\/p>\n<p>\u2022 VITAMIN C: ili askorbinska kiselina, ima temeljnu uloge u oja\u010davanju prirodnih obrambenih sustava ko\u017ee i u usporavanju procesa o\u0161te\u0107enja ko\u017ee\/, koji mogu biti uzrokovani UV zrakama i slobodnim radikalima. Poti\u010de stanice kolagena, te tako pove\u0107ava prirodni rad stanica i time ko\u017ea postaje blistavija.<\/p>\n<p>\u2022 VITAMIN E: ili tokoferol,<span class=\"Apple-converted-space\">\u00a0 <\/span>sna\u017eni je antioksidant koji djeluje na usporavanje mehanizama koji utje\u010du na prirodno starenje ko\u017enih stanica. Ima znanstveno dokazana \u201canti-age\u201d svojstva, kao i svojstva obnavljanja i smanjivanja crvenila ko\u017ee.<\/p>\n<p>\u2022 VITAMIN F: ili linolenska kiselina (Omega 6)<span class=\"Apple-converted-space\">\u00a0 <\/span>kiselinski je kompleks koji obla\u017ee stani\u010dnu membranu \u010dije nestajanje izaziva suho\u0107u i lju\u0161tenje ko\u017ee. Zahvaljuju\u0107i svojem hidratiziraju\u0107em i obnavljaju\u0107em djelovanju oja\u010dava za\u0161titnu (epidermalnu) barijeru ko\u017ee i \u010dini je mek\u0161om i elasti\u010dnom.<\/p>\n<p>\u2022 GOJI BOBICE: bogate vitaminom A i C, bakrom, cinkom i elaginskom kiselinom izvrsno \u0161tite ko\u017eu od utjecaja slobodnih radikala i poti\u010du eliminaciju nakupljenih toksina koji \u0161tete ljepoti ko\u017ee. Idealni su za sprje\u010davanje nastanka tamnih mrlja od sunca, poma\u017eu odr\u017eati tonus ko\u017ee, elasti\u010dnost i otpornost na stres kojem je ko\u017ea svakodnevno izlo\u017eena.<\/p>\n<p>\u2022 EKSTRAKT \u0160IPKA: bogat antioksidacijskim flavonoidima, koristi se u tretmanima nadra\u017eene i iziritirane , kao i zrelije i o\u0161te\u0107ene ko\u017ee, a zbog svojih umiruju\u0107ih, obnavljaju\u0107ih svojstava stimulativno djeluju na stvaranje stanica kolagena.<\/p>\n<p>\u2022 3 VRSTE HIJALURONSKE KISELINE: temeljna molekula ko\u017ee, hijaluronska kiselina mo\u017ee zadr\u017eati veliki postotak vode, kao i potaknuti zadr\u017eavanje hidratacije ko\u017ee, \u010dvrsto\u0107e i elasti\u010dnosti izgleda ko\u017ee. Sinergija 3 molekularne te\u017eine hijaluronske kiseline s raznovrsnim kapacitetom penetracije u ko\u017eu poti\u010de stvaranje povr\u0161inskog sloja koji smanjuje prekomjerno isu\u0161ivanje ko\u017ee (visoka molekularna te\u017eina), hidrataciju najdubljih slojeva epiderme (srednja molekularna te\u017eina) i podmazivanje stanica kolagena i elastina, neophodnih<span class=\"Apple-converted-space\">\u00a0 <\/span>za odr\u017eavanje gusto\u0107e i kompaktnosti ko\u017ee (niska molekularna te\u017eina).<\/p>\n<p>Mekana, ali iznimno hranjiva tekstura \u010dini Multi-Vitamin kremu idealnom kako za mladu ko\u017eu kojoj je potrebna hidratacija, tako i za zreliju ko\u017eu kojoj nedostaje vitalnosti i njege. Ova je krema primjerena za svaku dob i za svako godi\u0161nje doma. Odli\u010dan je saveznik za sprje\u010davanje starenja ko\u017ee.<\/p>\n<p><b>NA\u010cIN KORI\u0160TENJA<\/b>:<\/p>\n<p>Svaki dan, ujutro i nave\u010der, nakon \u010di\u0161\u0107enja lica ( Hydromilkom (ili<span class=\"Apple-converted-space\">\u00a0 <\/span>Oligomousse) i Hydrolotion tonikom), nanijeti na<span class=\"Apple-converted-space\">\u00a0 <\/span>lice, vrat i dekolte multivitaminsku kremu laganim masa\u017enim pokretima kako bi je ko\u017ea bolje upila (idealno odmah nakon nano\u0161enja\u00a0hijaluronskog Dr.Vivian&#8217;s Anti Aging seruma).<\/p>\n<h4><\/h4>\n","protected":false},"excerpt":{"rendered":"<p><strong>Ultra hidratantni kozmeti\u010dki booster <\/strong>s <strong>hijaluronskom kiselinom<\/strong> osmi\u0161ljen je kako bi pomogao vratiti optimalnu hidrataciju va\u0161eg lica, vrata i dekoltea i u\u010diniti ga otpornijim i obnovljenim svaki dan. <strong>Hijaluronska kiselina<\/strong> je dragocjena molekula koja prirodno postoji u na\u0161oj ko\u017ei i koja, kada se njezina razina smanji, dovodi do znakova starenja.<\/p>\n<p>Ona djeluje na o\u010duvanje savr\u0161ene <strong>hidratacije ko\u017ee<\/strong> i daje ko\u017ei <strong>\u010dvrsto\u0107u<\/strong> i <strong>elasti\u010dnost<\/strong>. Tako\u0111er \u0161titi i podmazuje elastinska vlakna, olak\u0161ava preoblikovanje razli\u010ditih vrsta dermalnog kolagena i poma\u017ee ko\u017ei u borbi protiv u\u010dinaka starenja, zahvaljuju\u0107i djelovanju protiv slobodnih radikala.<\/p>\n<p>&nbsp;<\/p>\n<p>&nbsp;<\/p>\n","protected":false},"featured_media":2784,"template":"","meta":[],"product_brand":[],"product_cat":[72],"product_tag":[],"class_list":{"0":"post-2786","1":"product","2":"type-product","3":"status-publish","4":"has-post-thumbnail","6":"product_cat-uncategorized-hr","8":"first","9":"instock","10":"sale","11":"taxable","12":"shipping-taxable","13":"purchasable","14":"product-type-simple"},"yoast_head":"<!-- This site is optimized with the Yoast SEO plugin v27.4 - https:\/\/yoast.com\/product\/yoast-seo-wordpress\/ -->\n<title>Hyaluronic Acid Face Serum + Multivitaminska krema - Dr Vivian Estetics<\/title>\n<meta name=\"robots\" content=\"index, follow, max-snippet:-1, max-image-preview:large, max-video-preview:-1\" \/>\n<link rel=\"canonical\" href=\"https:\/\/drvivianestetics.com\/hr\/product\/hyaluronic-acid-face-serum-multivitaminska-krema\/\" \/>\n<meta property=\"og:locale\" content=\"hr_HR\" \/>\n<meta property=\"og:type\" content=\"article\" \/>\n<meta property=\"og:title\" content=\"Hyaluronic Acid Face Serum + Multivitaminska krema - Dr Vivian Estetics\" \/>\n<meta property=\"og:description\" content=\"Ultra hidratantni kozmeti\u010dki booster s hijaluronskom kiselinom osmi\u0161ljen je kako bi pomogao vratiti optimalnu hidrataciju va\u0161eg lica, vrata i dekoltea i u\u010diniti ga otpornijim i obnovljenim svaki dan. Hijaluronska kiselina je dragocjena molekula koja prirodno postoji u na\u0161oj ko\u017ei i koja, kada se njezina razina smanji, dovodi do znakova starenja.  Ona djeluje na o\u010duvanje savr\u0161ene hidratacije ko\u017ee i daje ko\u017ei \u010dvrsto\u0107u i elasti\u010dnost. Tako\u0111er \u0161titi i podmazuje elastinska vlakna, olak\u0161ava preoblikovanje razli\u010ditih vrsta dermalnog kolagena i poma\u017ee ko\u017ei u borbi protiv u\u010dinaka starenja, zahvaljuju\u0107i djelovanju protiv slobodnih radikala.  &nbsp;  &nbsp;\" \/>\n<meta property=\"og:url\" content=\"https:\/\/drvivianestetics.com\/hr\/product\/hyaluronic-acid-face-serum-multivitaminska-krema\/\" \/>\n<meta property=\"og:site_name\" content=\"Dr Vivian Estetics\" \/>\n<meta property=\"article:modified_time\" content=\"2025-11-25T11:16:45+00:00\" \/>\n<meta property=\"og:image\" content=\"https:\/\/drvivianestetics.com\/wp-content\/uploads\/2021\/02\/bundle-2.jpg\" \/>\n\t<meta property=\"og:image:width\" content=\"1000\" \/>\n\t<meta property=\"og:image:height\" content=\"1000\" \/>\n\t<meta property=\"og:image:type\" content=\"image\/jpeg\" \/>\n<meta name=\"twitter:card\" content=\"summary_large_image\" \/>\n<meta name=\"twitter:label1\" content=\"Procijenjeno vrijeme \u010ditanja\" \/>\n\t<meta name=\"twitter:data1\" content=\"5 minuta\" \/>\n<script type=\"application\/ld+json\" class=\"yoast-schema-graph\">{\"@context\":\"https:\\\/\\\/schema.org\",\"@graph\":[{\"@type\":\"WebPage\",\"@id\":\"https:\\\/\\\/drvivianestetics.com\\\/hr\\\/product\\\/hyaluronic-acid-face-serum-multivitaminska-krema\\\/\",\"url\":\"https:\\\/\\\/drvivianestetics.com\\\/hr\\\/product\\\/hyaluronic-acid-face-serum-multivitaminska-krema\\\/\",\"name\":\"Hyaluronic Acid Face Serum + Multivitaminska krema - Dr Vivian Estetics\",\"isPartOf\":{\"@id\":\"https:\\\/\\\/drvivianestetics.com\\\/#website\"},\"primaryImageOfPage\":{\"@id\":\"https:\\\/\\\/drvivianestetics.com\\\/hr\\\/product\\\/hyaluronic-acid-face-serum-multivitaminska-krema\\\/#primaryimage\"},\"image\":{\"@id\":\"https:\\\/\\\/drvivianestetics.com\\\/hr\\\/product\\\/hyaluronic-acid-face-serum-multivitaminska-krema\\\/#primaryimage\"},\"thumbnailUrl\":\"https:\\\/\\\/drvivianestetics.com\\\/wp-content\\\/uploads\\\/2021\\\/02\\\/bundle-2.jpg\",\"datePublished\":\"2021-02-02T13:50:35+00:00\",\"dateModified\":\"2025-11-25T11:16:45+00:00\",\"breadcrumb\":{\"@id\":\"https:\\\/\\\/drvivianestetics.com\\\/hr\\\/product\\\/hyaluronic-acid-face-serum-multivitaminska-krema\\\/#breadcrumb\"},\"inLanguage\":\"hr\",\"potentialAction\":[{\"@type\":\"ReadAction\",\"target\":[\"https:\\\/\\\/drvivianestetics.com\\\/hr\\\/product\\\/hyaluronic-acid-face-serum-multivitaminska-krema\\\/\"]}]},{\"@type\":\"ImageObject\",\"inLanguage\":\"hr\",\"@id\":\"https:\\\/\\\/drvivianestetics.com\\\/hr\\\/product\\\/hyaluronic-acid-face-serum-multivitaminska-krema\\\/#primaryimage\",\"url\":\"https:\\\/\\\/drvivianestetics.com\\\/wp-content\\\/uploads\\\/2021\\\/02\\\/bundle-2.jpg\",\"contentUrl\":\"https:\\\/\\\/drvivianestetics.com\\\/wp-content\\\/uploads\\\/2021\\\/02\\\/bundle-2.jpg\",\"width\":1000,\"height\":1000},{\"@type\":\"BreadcrumbList\",\"@id\":\"https:\\\/\\\/drvivianestetics.com\\\/hr\\\/product\\\/hyaluronic-acid-face-serum-multivitaminska-krema\\\/#breadcrumb\",\"itemListElement\":[{\"@type\":\"ListItem\",\"position\":1,\"name\":\"Home\",\"item\":\"https:\\\/\\\/drvivianestetics.com\\\/hr\\\/\"},{\"@type\":\"ListItem\",\"position\":2,\"name\":\"Shop\",\"item\":\"https:\\\/\\\/drvivianestetics.com\\\/hr\\\/shop\\\/\"},{\"@type\":\"ListItem\",\"position\":3,\"name\":\"Hyaluronic Acid Face Serum + Multivitaminska krema\"}]},{\"@type\":\"WebSite\",\"@id\":\"https:\\\/\\\/drvivianestetics.com\\\/#website\",\"url\":\"https:\\\/\\\/drvivianestetics.com\\\/\",\"name\":\"Dr Vivian Estetics\",\"description\":\"\",\"potentialAction\":[{\"@type\":\"SearchAction\",\"target\":{\"@type\":\"EntryPoint\",\"urlTemplate\":\"https:\\\/\\\/drvivianestetics.com\\\/?s={search_term_string}\"},\"query-input\":{\"@type\":\"PropertyValueSpecification\",\"valueRequired\":true,\"valueName\":\"search_term_string\"}}],\"inLanguage\":\"hr\"}]}<\/script>\n<!-- \/ Yoast SEO plugin. -->","yoast_head_json":{"title":"Hyaluronic Acid Face Serum + Multivitaminska krema - Dr Vivian Estetics","robots":{"index":"index","follow":"follow","max-snippet":"max-snippet:-1","max-image-preview":"max-image-preview:large","max-video-preview":"max-video-preview:-1"},"canonical":"https:\/\/drvivianestetics.com\/hr\/product\/hyaluronic-acid-face-serum-multivitaminska-krema\/","og_locale":"hr_HR","og_type":"article","og_title":"Hyaluronic Acid Face Serum + Multivitaminska krema - Dr Vivian Estetics","og_description":"Ultra hidratantni kozmeti\u010dki booster s hijaluronskom kiselinom osmi\u0161ljen je kako bi pomogao vratiti optimalnu hidrataciju va\u0161eg lica, vrata i dekoltea i u\u010diniti ga otpornijim i obnovljenim svaki dan. Hijaluronska kiselina je dragocjena molekula koja prirodno postoji u na\u0161oj ko\u017ei i koja, kada se njezina razina smanji, dovodi do znakova starenja.  Ona djeluje na o\u010duvanje savr\u0161ene hidratacije ko\u017ee i daje ko\u017ei \u010dvrsto\u0107u i elasti\u010dnost. Tako\u0111er \u0161titi i podmazuje elastinska vlakna, olak\u0161ava preoblikovanje razli\u010ditih vrsta dermalnog kolagena i poma\u017ee ko\u017ei u borbi protiv u\u010dinaka starenja, zahvaljuju\u0107i djelovanju protiv slobodnih radikala.  &nbsp;  &nbsp;","og_url":"https:\/\/drvivianestetics.com\/hr\/product\/hyaluronic-acid-face-serum-multivitaminska-krema\/","og_site_name":"Dr Vivian Estetics","article_modified_time":"2025-11-25T11:16:45+00:00","og_image":[{"width":1000,"height":1000,"url":"https:\/\/drvivianestetics.com\/wp-content\/uploads\/2021\/02\/bundle-2.jpg","type":"image\/jpeg"}],"twitter_card":"summary_large_image","twitter_misc":{"Procijenjeno vrijeme \u010ditanja":"5 minuta"},"schema":{"@context":"https:\/\/schema.org","@graph":[{"@type":"WebPage","@id":"https:\/\/drvivianestetics.com\/hr\/product\/hyaluronic-acid-face-serum-multivitaminska-krema\/","url":"https:\/\/drvivianestetics.com\/hr\/product\/hyaluronic-acid-face-serum-multivitaminska-krema\/","name":"Hyaluronic Acid Face Serum + Multivitaminska krema - Dr Vivian Estetics","isPartOf":{"@id":"https:\/\/drvivianestetics.com\/#website"},"primaryImageOfPage":{"@id":"https:\/\/drvivianestetics.com\/hr\/product\/hyaluronic-acid-face-serum-multivitaminska-krema\/#primaryimage"},"image":{"@id":"https:\/\/drvivianestetics.com\/hr\/product\/hyaluronic-acid-face-serum-multivitaminska-krema\/#primaryimage"},"thumbnailUrl":"https:\/\/drvivianestetics.com\/wp-content\/uploads\/2021\/02\/bundle-2.jpg","datePublished":"2021-02-02T13:50:35+00:00","dateModified":"2025-11-25T11:16:45+00:00","breadcrumb":{"@id":"https:\/\/drvivianestetics.com\/hr\/product\/hyaluronic-acid-face-serum-multivitaminska-krema\/#breadcrumb"},"inLanguage":"hr","potentialAction":[{"@type":"ReadAction","target":["https:\/\/drvivianestetics.com\/hr\/product\/hyaluronic-acid-face-serum-multivitaminska-krema\/"]}]},{"@type":"ImageObject","inLanguage":"hr","@id":"https:\/\/drvivianestetics.com\/hr\/product\/hyaluronic-acid-face-serum-multivitaminska-krema\/#primaryimage","url":"https:\/\/drvivianestetics.com\/wp-content\/uploads\/2021\/02\/bundle-2.jpg","contentUrl":"https:\/\/drvivianestetics.com\/wp-content\/uploads\/2021\/02\/bundle-2.jpg","width":1000,"height":1000},{"@type":"BreadcrumbList","@id":"https:\/\/drvivianestetics.com\/hr\/product\/hyaluronic-acid-face-serum-multivitaminska-krema\/#breadcrumb","itemListElement":[{"@type":"ListItem","position":1,"name":"Home","item":"https:\/\/drvivianestetics.com\/hr\/"},{"@type":"ListItem","position":2,"name":"Shop","item":"https:\/\/drvivianestetics.com\/hr\/shop\/"},{"@type":"ListItem","position":3,"name":"Hyaluronic Acid Face Serum + Multivitaminska krema"}]},{"@type":"WebSite","@id":"https:\/\/drvivianestetics.com\/#website","url":"https:\/\/drvivianestetics.com\/","name":"Dr Vivian Estetics","description":"","potentialAction":[{"@type":"SearchAction","target":{"@type":"EntryPoint","urlTemplate":"https:\/\/drvivianestetics.com\/?s={search_term_string}"},"query-input":{"@type":"PropertyValueSpecification","valueRequired":true,"valueName":"search_term_string"}}],"inLanguage":"hr"}]}},"_links":{"self":[{"href":"https:\/\/drvivianestetics.com\/hr\/wp-json\/wp\/v2\/product\/2786","targetHints":{"allow":["GET"]}}],"collection":[{"href":"https:\/\/drvivianestetics.com\/hr\/wp-json\/wp\/v2\/product"}],"about":[{"href":"https:\/\/drvivianestetics.com\/hr\/wp-json\/wp\/v2\/types\/product"}],"wp:featuredmedia":[{"embeddable":true,"href":"https:\/\/drvivianestetics.com\/hr\/wp-json\/wp\/v2\/media\/2784"}],"wp:attachment":[{"href":"https:\/\/drvivianestetics.com\/hr\/wp-json\/wp\/v2\/media?parent=2786"}],"wp:term":[{"taxonomy":"product_brand","embeddable":true,"href":"https:\/\/drvivianestetics.com\/hr\/wp-json\/wp\/v2\/product_brand?post=2786"},{"taxonomy":"product_cat","embeddable":true,"href":"https:\/\/drvivianestetics.com\/hr\/wp-json\/wp\/v2\/product_cat?post=2786"},{"taxonomy":"product_tag","embeddable":true,"href":"https:\/\/drvivianestetics.com\/hr\/wp-json\/wp\/v2\/product_tag?post=2786"}],"curies":[{"name":"wp","href":"https:\/\/api.w.org\/{rel}","templated":true}]}}