{"id":61539,"date":"2023-01-13T04:49:50","date_gmt":"2023-01-13T04:49:50","guid":{"rendered":"https:\/\/drvivianestetics.com\/?post_type=product&#038;p=61539"},"modified":"2025-02-17T00:02:51","modified_gmt":"2025-02-17T00:02:51","slug":"hyaluronic-acid-face-serum-multivitaminska-krema-copy","status":"publish","type":"product","link":"https:\/\/drvivianestetics.com\/hr\/proizvod\/hyaluronic-acid-face-serum-multivitaminska-krema-copy\/","title":{"rendered":"Krema za tijelo &#8211; Dr. Vivian\u2019s Silhouette"},"content":{"rendered":"<p><strong>KREMA ZA TIJELO NAMIJENJENA KO\u017dI SKLONOJ MASNIM NASLAGAMA, CELULITU, ZADR\u017dAVANJU VODE TE MLITAVOSTI.<\/strong><\/p>\n<p>Nje\u017ena emulzija za tijelo namijenjena tretiranju podru\u010dja stra\u017enjice, trbuha, struka, bedara i listova kroz inovativnu formula na bazi sme\u0111ih i crvenih algi (Phyllacanta Fibrosa, Laminaria Digitata, Gelidium Cartilagineum).<\/p>\n<p>Aktivni sastojci pospje\u0161uju proces topljenja masnih stanica, pridonose smanjenju celulita, sprje\u010davanju zadr\u017eavanje vode te ciljano djeluju protiv mlitave i opu\u0161tene ko\u017ee.<\/p>\n<p><strong>UPOTREBA<\/strong><br \/>\nKru\u017enim pokretima nanesite na \u017eeljeno podru\u010dje i umasirajte u ko\u017eu.<\/p>\n<p><strong>SAMO ZA VANJSKA UPORABU<\/strong><\/p>\n","protected":false},"excerpt":{"rendered":"<h1>Krema za tijelo &#8211; Dr. Vivian\u2019s Silhouette<\/h1>\n<p><strong>NOGE<\/strong><br \/>\n<strong>TRBUH<\/strong><br \/>\n<strong>STRA\u017dNJICA<\/strong><\/p>\n<p><strong>KREMA ZA TIJELO NAMIJENJENA KO\u017dI SKLONOJ MASNIM NASLAGAMA, CELULITU, ZADR\u017dAVANJU VODE TE MLITAVOSTI.<\/strong><\/p>\n<p>Nje\u017ena emulzija za tijelo namijenjena tretiranju podru\u010dja stra\u017enjice, trbuha, struka, bedara i listova kroz inovativnu formula na bazi sme\u0111ih i crvenih algi (Phyllacanta Fibrosa, Laminaria Digitata, Gelidium Cartilagineum).<\/p>\n<p>Aktivni sastojci pospje\u0161uju proces topljenja masnih stanica, pridonose smanjenju celulita, sprje\u010davanju zadr\u017eavanje vode te ciljano djeluju protiv mlitave i opu\u0161tene ko\u017ee.<\/p>\n<p><strong>UPOTREBA<\/strong><br \/>\nKru\u017enim pokretima nanesite na \u017eeljeno podru\u010dje i umasirajte u ko\u017eu.<\/p>\n<p><strong>SAMO ZA VANJSKA UPORABU<\/strong><\/p>\n","protected":false},"featured_media":61541,"template":"","meta":[],"product_brand":[],"product_cat":[72],"product_tag":[],"class_list":{"0":"post-61539","1":"product","2":"type-product","3":"status-publish","4":"has-post-thumbnail","6":"product_cat-uncategorized-hr","8":"first","9":"instock","10":"taxable","11":"shipping-taxable","12":"purchasable","13":"product-type-simple"},"yoast_head":"<!-- This site is optimized with the Yoast SEO plugin v27.2 - https:\/\/yoast.com\/product\/yoast-seo-wordpress\/ -->\n<title>Krema za tijelo - Dr. Vivian\u2019s Silhouette - Dr Vivian Estetics<\/title>\n<meta name=\"robots\" content=\"index, follow, max-snippet:-1, max-image-preview:large, max-video-preview:-1\" \/>\n<link rel=\"canonical\" href=\"https:\/\/drvivianestetics.com\/hr\/proizvod\/hyaluronic-acid-face-serum-multivitaminska-krema-copy\/\" \/>\n<meta property=\"og:locale\" content=\"hr_HR\" \/>\n<meta property=\"og:type\" content=\"article\" \/>\n<meta property=\"og:title\" content=\"Krema za tijelo - Dr. Vivian\u2019s Silhouette - Dr Vivian Estetics\" \/>\n<meta property=\"og:description\" content=\"Krema za tijelo - Dr. Vivian\u2019s Silhouette NOGE TRBUH STRA\u017dNJICA  KREMA ZA TIJELO NAMIJENJENA KO\u017dI SKLONOJ MASNIM NASLAGAMA, CELULITU, ZADR\u017dAVANJU VODE TE MLITAVOSTI.  Nje\u017ena emulzija za tijelo namijenjena tretiranju podru\u010dja stra\u017enjice, trbuha, struka, bedara i listova kroz inovativnu formula na bazi sme\u0111ih i crvenih algi (Phyllacanta Fibrosa, Laminaria Digitata, Gelidium Cartilagineum).  Aktivni sastojci pospje\u0161uju proces topljenja masnih stanica, pridonose smanjenju celulita, sprje\u010davanju zadr\u017eavanje vode te ciljano djeluju protiv mlitave i opu\u0161tene ko\u017ee.  UPOTREBA Kru\u017enim pokretima nanesite na \u017eeljeno podru\u010dje i umasirajte u ko\u017eu.  SAMO ZA VANJSKA UPORABU\" \/>\n<meta property=\"og:url\" content=\"https:\/\/drvivianestetics.com\/hr\/proizvod\/hyaluronic-acid-face-serum-multivitaminska-krema-copy\/\" \/>\n<meta property=\"og:site_name\" content=\"Dr Vivian Estetics\" \/>\n<meta property=\"article:modified_time\" content=\"2025-02-17T00:02:51+00:00\" \/>\n<meta property=\"og:image\" content=\"https:\/\/drvivianestetics.com\/wp-content\/uploads\/2023\/01\/krema-za-tijelo-dr-vivians-silhouette-01.jpg\" \/>\n\t<meta property=\"og:image:width\" content=\"1000\" \/>\n\t<meta property=\"og:image:height\" content=\"1000\" \/>\n\t<meta property=\"og:image:type\" content=\"image\/jpeg\" \/>\n<meta name=\"twitter:card\" content=\"summary_large_image\" \/>\n<meta name=\"twitter:label1\" content=\"Procijenjeno vrijeme \u010ditanja\" \/>\n\t<meta name=\"twitter:data1\" content=\"1 minuta\" \/>\n<script type=\"application\/ld+json\" class=\"yoast-schema-graph\">{\"@context\":\"https:\/\/schema.org\",\"@graph\":[{\"@type\":\"WebPage\",\"@id\":\"https:\/\/drvivianestetics.com\/hr\/proizvod\/hyaluronic-acid-face-serum-multivitaminska-krema-copy\/\",\"url\":\"https:\/\/drvivianestetics.com\/hr\/proizvod\/hyaluronic-acid-face-serum-multivitaminska-krema-copy\/\",\"name\":\"Krema za tijelo - Dr. Vivian\u2019s Silhouette - Dr Vivian Estetics\",\"isPartOf\":{\"@id\":\"https:\/\/drvivianestetics.com\/#website\"},\"primaryImageOfPage\":{\"@id\":\"https:\/\/drvivianestetics.com\/hr\/proizvod\/hyaluronic-acid-face-serum-multivitaminska-krema-copy\/#primaryimage\"},\"image\":{\"@id\":\"https:\/\/drvivianestetics.com\/hr\/proizvod\/hyaluronic-acid-face-serum-multivitaminska-krema-copy\/#primaryimage\"},\"thumbnailUrl\":\"https:\/\/drvivianestetics.com\/wp-content\/uploads\/2023\/01\/krema-za-tijelo-dr-vivians-silhouette-01.jpg\",\"datePublished\":\"2023-01-13T04:49:50+00:00\",\"dateModified\":\"2025-02-17T00:02:51+00:00\",\"breadcrumb\":{\"@id\":\"https:\/\/drvivianestetics.com\/hr\/proizvod\/hyaluronic-acid-face-serum-multivitaminska-krema-copy\/#breadcrumb\"},\"inLanguage\":\"hr\",\"potentialAction\":[{\"@type\":\"ReadAction\",\"target\":[\"https:\/\/drvivianestetics.com\/hr\/proizvod\/hyaluronic-acid-face-serum-multivitaminska-krema-copy\/\"]}]},{\"@type\":\"ImageObject\",\"inLanguage\":\"hr\",\"@id\":\"https:\/\/drvivianestetics.com\/hr\/proizvod\/hyaluronic-acid-face-serum-multivitaminska-krema-copy\/#primaryimage\",\"url\":\"https:\/\/drvivianestetics.com\/wp-content\/uploads\/2023\/01\/krema-za-tijelo-dr-vivians-silhouette-01.jpg\",\"contentUrl\":\"https:\/\/drvivianestetics.com\/wp-content\/uploads\/2023\/01\/krema-za-tijelo-dr-vivians-silhouette-01.jpg\",\"width\":1000,\"height\":1000},{\"@type\":\"BreadcrumbList\",\"@id\":\"https:\/\/drvivianestetics.com\/hr\/proizvod\/hyaluronic-acid-face-serum-multivitaminska-krema-copy\/#breadcrumb\",\"itemListElement\":[{\"@type\":\"ListItem\",\"position\":1,\"name\":\"Home\",\"item\":\"https:\/\/drvivianestetics.com\/hr\/\"},{\"@type\":\"ListItem\",\"position\":2,\"name\":\"Shop\",\"item\":\"https:\/\/drvivianestetics.com\/hr\/shop\/\"},{\"@type\":\"ListItem\",\"position\":3,\"name\":\"Krema za tijelo &#8211; Dr. Vivian\u2019s Silhouette\"}]},{\"@type\":\"WebSite\",\"@id\":\"https:\/\/drvivianestetics.com\/#website\",\"url\":\"https:\/\/drvivianestetics.com\/\",\"name\":\"Dr Vivian Estetics\",\"description\":\"\",\"potentialAction\":[{\"@type\":\"SearchAction\",\"target\":{\"@type\":\"EntryPoint\",\"urlTemplate\":\"https:\/\/drvivianestetics.com\/?s={search_term_string}\"},\"query-input\":{\"@type\":\"PropertyValueSpecification\",\"valueRequired\":true,\"valueName\":\"search_term_string\"}}],\"inLanguage\":\"hr\"}]}<\/script>\n<!-- \/ Yoast SEO plugin. -->","yoast_head_json":{"title":"Krema za tijelo - Dr. Vivian\u2019s Silhouette - Dr Vivian Estetics","robots":{"index":"index","follow":"follow","max-snippet":"max-snippet:-1","max-image-preview":"max-image-preview:large","max-video-preview":"max-video-preview:-1"},"canonical":"https:\/\/drvivianestetics.com\/hr\/proizvod\/hyaluronic-acid-face-serum-multivitaminska-krema-copy\/","og_locale":"hr_HR","og_type":"article","og_title":"Krema za tijelo - Dr. Vivian\u2019s Silhouette - Dr Vivian Estetics","og_description":"Krema za tijelo - Dr. Vivian\u2019s Silhouette NOGE TRBUH STRA\u017dNJICA  KREMA ZA TIJELO NAMIJENJENA KO\u017dI SKLONOJ MASNIM NASLAGAMA, CELULITU, ZADR\u017dAVANJU VODE TE MLITAVOSTI.  Nje\u017ena emulzija za tijelo namijenjena tretiranju podru\u010dja stra\u017enjice, trbuha, struka, bedara i listova kroz inovativnu formula na bazi sme\u0111ih i crvenih algi (Phyllacanta Fibrosa, Laminaria Digitata, Gelidium Cartilagineum).  Aktivni sastojci pospje\u0161uju proces topljenja masnih stanica, pridonose smanjenju celulita, sprje\u010davanju zadr\u017eavanje vode te ciljano djeluju protiv mlitave i opu\u0161tene ko\u017ee.  UPOTREBA Kru\u017enim pokretima nanesite na \u017eeljeno podru\u010dje i umasirajte u ko\u017eu.  SAMO ZA VANJSKA UPORABU","og_url":"https:\/\/drvivianestetics.com\/hr\/proizvod\/hyaluronic-acid-face-serum-multivitaminska-krema-copy\/","og_site_name":"Dr Vivian Estetics","article_modified_time":"2025-02-17T00:02:51+00:00","og_image":[{"width":1000,"height":1000,"url":"https:\/\/drvivianestetics.com\/wp-content\/uploads\/2023\/01\/krema-za-tijelo-dr-vivians-silhouette-01.jpg","type":"image\/jpeg"}],"twitter_card":"summary_large_image","twitter_misc":{"Procijenjeno vrijeme \u010ditanja":"1 minuta"},"schema":{"@context":"https:\/\/schema.org","@graph":[{"@type":"WebPage","@id":"https:\/\/drvivianestetics.com\/hr\/proizvod\/hyaluronic-acid-face-serum-multivitaminska-krema-copy\/","url":"https:\/\/drvivianestetics.com\/hr\/proizvod\/hyaluronic-acid-face-serum-multivitaminska-krema-copy\/","name":"Krema za tijelo - Dr. Vivian\u2019s Silhouette - Dr Vivian Estetics","isPartOf":{"@id":"https:\/\/drvivianestetics.com\/#website"},"primaryImageOfPage":{"@id":"https:\/\/drvivianestetics.com\/hr\/proizvod\/hyaluronic-acid-face-serum-multivitaminska-krema-copy\/#primaryimage"},"image":{"@id":"https:\/\/drvivianestetics.com\/hr\/proizvod\/hyaluronic-acid-face-serum-multivitaminska-krema-copy\/#primaryimage"},"thumbnailUrl":"https:\/\/drvivianestetics.com\/wp-content\/uploads\/2023\/01\/krema-za-tijelo-dr-vivians-silhouette-01.jpg","datePublished":"2023-01-13T04:49:50+00:00","dateModified":"2025-02-17T00:02:51+00:00","breadcrumb":{"@id":"https:\/\/drvivianestetics.com\/hr\/proizvod\/hyaluronic-acid-face-serum-multivitaminska-krema-copy\/#breadcrumb"},"inLanguage":"hr","potentialAction":[{"@type":"ReadAction","target":["https:\/\/drvivianestetics.com\/hr\/proizvod\/hyaluronic-acid-face-serum-multivitaminska-krema-copy\/"]}]},{"@type":"ImageObject","inLanguage":"hr","@id":"https:\/\/drvivianestetics.com\/hr\/proizvod\/hyaluronic-acid-face-serum-multivitaminska-krema-copy\/#primaryimage","url":"https:\/\/drvivianestetics.com\/wp-content\/uploads\/2023\/01\/krema-za-tijelo-dr-vivians-silhouette-01.jpg","contentUrl":"https:\/\/drvivianestetics.com\/wp-content\/uploads\/2023\/01\/krema-za-tijelo-dr-vivians-silhouette-01.jpg","width":1000,"height":1000},{"@type":"BreadcrumbList","@id":"https:\/\/drvivianestetics.com\/hr\/proizvod\/hyaluronic-acid-face-serum-multivitaminska-krema-copy\/#breadcrumb","itemListElement":[{"@type":"ListItem","position":1,"name":"Home","item":"https:\/\/drvivianestetics.com\/hr\/"},{"@type":"ListItem","position":2,"name":"Shop","item":"https:\/\/drvivianestetics.com\/hr\/shop\/"},{"@type":"ListItem","position":3,"name":"Krema za tijelo &#8211; Dr. Vivian\u2019s Silhouette"}]},{"@type":"WebSite","@id":"https:\/\/drvivianestetics.com\/#website","url":"https:\/\/drvivianestetics.com\/","name":"Dr Vivian Estetics","description":"","potentialAction":[{"@type":"SearchAction","target":{"@type":"EntryPoint","urlTemplate":"https:\/\/drvivianestetics.com\/?s={search_term_string}"},"query-input":{"@type":"PropertyValueSpecification","valueRequired":true,"valueName":"search_term_string"}}],"inLanguage":"hr"}]}},"_links":{"self":[{"href":"https:\/\/drvivianestetics.com\/hr\/wp-json\/wp\/v2\/product\/61539","targetHints":{"allow":["GET"]}}],"collection":[{"href":"https:\/\/drvivianestetics.com\/hr\/wp-json\/wp\/v2\/product"}],"about":[{"href":"https:\/\/drvivianestetics.com\/hr\/wp-json\/wp\/v2\/types\/product"}],"wp:featuredmedia":[{"embeddable":true,"href":"https:\/\/drvivianestetics.com\/hr\/wp-json\/wp\/v2\/media\/61541"}],"wp:attachment":[{"href":"https:\/\/drvivianestetics.com\/hr\/wp-json\/wp\/v2\/media?parent=61539"}],"wp:term":[{"taxonomy":"product_brand","embeddable":true,"href":"https:\/\/drvivianestetics.com\/hr\/wp-json\/wp\/v2\/product_brand?post=61539"},{"taxonomy":"product_cat","embeddable":true,"href":"https:\/\/drvivianestetics.com\/hr\/wp-json\/wp\/v2\/product_cat?post=61539"},{"taxonomy":"product_tag","embeddable":true,"href":"https:\/\/drvivianestetics.com\/hr\/wp-json\/wp\/v2\/product_tag?post=61539"}],"curies":[{"name":"wp","href":"https:\/\/api.w.org\/{rel}","templated":true}]}}