{"id":61772,"date":"2025-12-01T10:26:19","date_gmt":"2025-12-01T10:26:19","guid":{"rendered":"https:\/\/drvivianestetics.com\/?post_type=product&#038;p=61772"},"modified":"2025-12-01T11:37:22","modified_gmt":"2025-12-01T11:37:22","slug":"dr-vivians-almond-flame-balzam-za-usne-sa-sjajnim-efektom-i-uv-zastitom","status":"publish","type":"product","link":"https:\/\/drvivianestetics.com\/hr\/proizvod\/dr-vivians-almond-flame-balzam-za-usne-sa-sjajnim-efektom-i-uv-zastitom\/","title":{"rendered":"Dr Vivians Almond Flame &#8211; Balzam za usne sa sjajnim efektom i UV za\u0161titom"},"content":{"rendered":"<p class=\"font-claude-response-body whitespace-normal break-words\">Otkrijte savr\u0161enu kombinaciju njege i za\u0161tite s Dr Vivians Almond Flame balzamom za usne. Ovaj luksuzni balzam pru\u017ea vrhunsku njegu uz glamurozan sjajni efekt.<\/p>\n<p class=\"font-claude-response-body whitespace-normal break-words\"><strong>Klju\u010dne prednosti:<\/strong><\/p>\n<ul class=\"[&amp;:not(:last-child)_ul]:pb-1 [&amp;:not(:last-child)_ol]:pb-1 list-disc space-y-2.5 pl-7\">\n<li class=\"whitespace-normal break-words\"><strong>SPF 30 za\u0161tita<\/strong> &#8211; \u0160titi va\u0161e usne od \u0161tetnih UV zraka tijekom cijele godine, \u010dak i na suncu<\/li>\n<li class=\"whitespace-normal break-words\"><strong>Sjajni efekt<\/strong> &#8211; Daje usnama privla\u010dan sjaj s prirodno vibrantnom bojom<\/li>\n<li class=\"whitespace-normal break-words\"><strong>Umirno badem ulje<\/strong> &#8211; Njeguje i hidrira za mekane, glatke usne<\/li>\n<li class=\"whitespace-normal break-words\"><strong>Lagana formula<\/strong> &#8211; Nije ljepljiva i omogu\u0107ava prirodan izgled<\/li>\n<\/ul>\n<p class=\"font-claude-response-body whitespace-normal break-words\"><strong>Upute za upotrebu:<\/strong> Tijekom cijele godine, \u010dak i na suncu, nanositi jednom ili vi\u0161e puta dnevno prema potrebi.<\/p>\n<p class=\"font-claude-response-body whitespace-normal break-words\"><strong>Za\u0161tita koja traje cijeli dan:<\/strong> Idealan za svakodnevnu upotrebu &#8211; nosit \u0107ete za\u0161titu i njegu gdje god da odete.<\/p>\n<p class=\"font-claude-response-body whitespace-normal break-words\">Sadr\u017eaj: 5ml<br \/>\nZa vanjsku uporabu.<\/p>\n","protected":false},"excerpt":{"rendered":"<p>Balzam za usne s &#8220;efektom sjaja&#8221; s umiruju\u0107im bademovim uljem i SPF 30 za\u0161titom. Njeguje usne, daje prirodnu vibrantnu boju i \u0161titi od sunca tijekom cijele godine. Idealan za svakodnevnu njegu.<\/p>\n<p class=\"font-claude-response-body whitespace-normal break-words\">\n","protected":false},"featured_media":61773,"template":"","meta":[],"product_brand":[],"product_cat":[79,72],"product_tag":[],"class_list":{"0":"post-61772","1":"product","2":"type-product","3":"status-publish","4":"has-post-thumbnail","6":"product_cat-dezinficijensi-hr","7":"product_cat-uncategorized-hr","9":"first","10":"instock","11":"taxable","12":"shipping-taxable","13":"purchasable","14":"product-type-simple"},"yoast_head":"<!-- This site is optimized with the Yoast SEO plugin v27.2 - https:\/\/yoast.com\/product\/yoast-seo-wordpress\/ -->\n<title>Dr Vivians Almond Flame - Balzam za usne sa sjajnim efektom i UV za\u0161titom - Dr Vivian Estetics<\/title>\n<meta name=\"robots\" content=\"index, follow, max-snippet:-1, max-image-preview:large, max-video-preview:-1\" \/>\n<link rel=\"canonical\" href=\"https:\/\/drvivianestetics.com\/hr\/product\/dr-vivians-almond-flame-balzam-za-usne-sa-sjajnim-efektom-i-uv-zastitom\/\" \/>\n<meta property=\"og:locale\" content=\"hr_HR\" \/>\n<meta property=\"og:type\" content=\"article\" \/>\n<meta property=\"og:title\" content=\"Dr Vivians Almond Flame - Balzam za usne sa sjajnim efektom i UV za\u0161titom - Dr Vivian Estetics\" \/>\n<meta property=\"og:description\" content=\"Balzam za usne s &quot;efektom sjaja&quot; s umiruju\u0107im bademovim uljem i SPF 30 za\u0161titom. Njeguje usne, daje prirodnu vibrantnu boju i \u0161titi od sunca tijekom cijele godine. Idealan za svakodnevnu njegu.\" \/>\n<meta property=\"og:url\" content=\"https:\/\/drvivianestetics.com\/hr\/product\/dr-vivians-almond-flame-balzam-za-usne-sa-sjajnim-efektom-i-uv-zastitom\/\" \/>\n<meta property=\"og:site_name\" content=\"Dr Vivian Estetics\" \/>\n<meta property=\"article:modified_time\" content=\"2025-12-01T11:37:22+00:00\" \/>\n<meta property=\"og:image\" content=\"https:\/\/drvivianestetics.com\/wp-content\/uploads\/2025\/12\/Almond-Flame-Box.jpg\" \/>\n\t<meta property=\"og:image:width\" content=\"600\" \/>\n\t<meta property=\"og:image:height\" content=\"600\" \/>\n\t<meta property=\"og:image:type\" content=\"image\/jpeg\" \/>\n<meta name=\"twitter:card\" content=\"summary_large_image\" \/>\n<meta name=\"twitter:label1\" content=\"Procijenjeno vrijeme \u010ditanja\" \/>\n\t<meta name=\"twitter:data1\" content=\"1 minuta\" \/>\n<script type=\"application\/ld+json\" class=\"yoast-schema-graph\">{\"@context\":\"https:\/\/schema.org\",\"@graph\":[{\"@type\":\"WebPage\",\"@id\":\"https:\/\/drvivianestetics.com\/hr\/product\/dr-vivians-almond-flame-balzam-za-usne-sa-sjajnim-efektom-i-uv-zastitom\/\",\"url\":\"https:\/\/drvivianestetics.com\/hr\/product\/dr-vivians-almond-flame-balzam-za-usne-sa-sjajnim-efektom-i-uv-zastitom\/\",\"name\":\"Dr Vivians Almond Flame - Balzam za usne sa sjajnim efektom i UV za\u0161titom - Dr Vivian Estetics\",\"isPartOf\":{\"@id\":\"https:\/\/drvivianestetics.com\/#website\"},\"primaryImageOfPage\":{\"@id\":\"https:\/\/drvivianestetics.com\/hr\/product\/dr-vivians-almond-flame-balzam-za-usne-sa-sjajnim-efektom-i-uv-zastitom\/#primaryimage\"},\"image\":{\"@id\":\"https:\/\/drvivianestetics.com\/hr\/product\/dr-vivians-almond-flame-balzam-za-usne-sa-sjajnim-efektom-i-uv-zastitom\/#primaryimage\"},\"thumbnailUrl\":\"https:\/\/drvivianestetics.com\/wp-content\/uploads\/2025\/12\/Almond-Flame-Box.jpg\",\"datePublished\":\"2025-12-01T10:26:19+00:00\",\"dateModified\":\"2025-12-01T11:37:22+00:00\",\"breadcrumb\":{\"@id\":\"https:\/\/drvivianestetics.com\/hr\/product\/dr-vivians-almond-flame-balzam-za-usne-sa-sjajnim-efektom-i-uv-zastitom\/#breadcrumb\"},\"inLanguage\":\"hr\",\"potentialAction\":[{\"@type\":\"ReadAction\",\"target\":[\"https:\/\/drvivianestetics.com\/hr\/product\/dr-vivians-almond-flame-balzam-za-usne-sa-sjajnim-efektom-i-uv-zastitom\/\"]}]},{\"@type\":\"ImageObject\",\"inLanguage\":\"hr\",\"@id\":\"https:\/\/drvivianestetics.com\/hr\/product\/dr-vivians-almond-flame-balzam-za-usne-sa-sjajnim-efektom-i-uv-zastitom\/#primaryimage\",\"url\":\"https:\/\/drvivianestetics.com\/wp-content\/uploads\/2025\/12\/Almond-Flame-Box.jpg\",\"contentUrl\":\"https:\/\/drvivianestetics.com\/wp-content\/uploads\/2025\/12\/Almond-Flame-Box.jpg\",\"width\":600,\"height\":600},{\"@type\":\"BreadcrumbList\",\"@id\":\"https:\/\/drvivianestetics.com\/hr\/product\/dr-vivians-almond-flame-balzam-za-usne-sa-sjajnim-efektom-i-uv-zastitom\/#breadcrumb\",\"itemListElement\":[{\"@type\":\"ListItem\",\"position\":1,\"name\":\"Home\",\"item\":\"https:\/\/drvivianestetics.com\/hr\/\"},{\"@type\":\"ListItem\",\"position\":2,\"name\":\"Shop\",\"item\":\"https:\/\/drvivianestetics.com\/hr\/shop\/\"},{\"@type\":\"ListItem\",\"position\":3,\"name\":\"Dr Vivians Almond Flame &#8211; Balzam za usne sa sjajnim efektom i UV za\u0161titom\"}]},{\"@type\":\"WebSite\",\"@id\":\"https:\/\/drvivianestetics.com\/#website\",\"url\":\"https:\/\/drvivianestetics.com\/\",\"name\":\"Dr Vivian Estetics\",\"description\":\"\",\"potentialAction\":[{\"@type\":\"SearchAction\",\"target\":{\"@type\":\"EntryPoint\",\"urlTemplate\":\"https:\/\/drvivianestetics.com\/?s={search_term_string}\"},\"query-input\":{\"@type\":\"PropertyValueSpecification\",\"valueRequired\":true,\"valueName\":\"search_term_string\"}}],\"inLanguage\":\"hr\"}]}<\/script>\n<!-- \/ Yoast SEO plugin. -->","yoast_head_json":{"title":"Dr Vivians Almond Flame - Balzam za usne sa sjajnim efektom i UV za\u0161titom - Dr Vivian Estetics","robots":{"index":"index","follow":"follow","max-snippet":"max-snippet:-1","max-image-preview":"max-image-preview:large","max-video-preview":"max-video-preview:-1"},"canonical":"https:\/\/drvivianestetics.com\/hr\/product\/dr-vivians-almond-flame-balzam-za-usne-sa-sjajnim-efektom-i-uv-zastitom\/","og_locale":"hr_HR","og_type":"article","og_title":"Dr Vivians Almond Flame - Balzam za usne sa sjajnim efektom i UV za\u0161titom - Dr Vivian Estetics","og_description":"Balzam za usne s \"efektom sjaja\" s umiruju\u0107im bademovim uljem i SPF 30 za\u0161titom. Njeguje usne, daje prirodnu vibrantnu boju i \u0161titi od sunca tijekom cijele godine. Idealan za svakodnevnu njegu.","og_url":"https:\/\/drvivianestetics.com\/hr\/product\/dr-vivians-almond-flame-balzam-za-usne-sa-sjajnim-efektom-i-uv-zastitom\/","og_site_name":"Dr Vivian Estetics","article_modified_time":"2025-12-01T11:37:22+00:00","og_image":[{"width":600,"height":600,"url":"https:\/\/drvivianestetics.com\/wp-content\/uploads\/2025\/12\/Almond-Flame-Box.jpg","type":"image\/jpeg"}],"twitter_card":"summary_large_image","twitter_misc":{"Procijenjeno vrijeme \u010ditanja":"1 minuta"},"schema":{"@context":"https:\/\/schema.org","@graph":[{"@type":"WebPage","@id":"https:\/\/drvivianestetics.com\/hr\/product\/dr-vivians-almond-flame-balzam-za-usne-sa-sjajnim-efektom-i-uv-zastitom\/","url":"https:\/\/drvivianestetics.com\/hr\/product\/dr-vivians-almond-flame-balzam-za-usne-sa-sjajnim-efektom-i-uv-zastitom\/","name":"Dr Vivians Almond Flame - Balzam za usne sa sjajnim efektom i UV za\u0161titom - Dr Vivian Estetics","isPartOf":{"@id":"https:\/\/drvivianestetics.com\/#website"},"primaryImageOfPage":{"@id":"https:\/\/drvivianestetics.com\/hr\/product\/dr-vivians-almond-flame-balzam-za-usne-sa-sjajnim-efektom-i-uv-zastitom\/#primaryimage"},"image":{"@id":"https:\/\/drvivianestetics.com\/hr\/product\/dr-vivians-almond-flame-balzam-za-usne-sa-sjajnim-efektom-i-uv-zastitom\/#primaryimage"},"thumbnailUrl":"https:\/\/drvivianestetics.com\/wp-content\/uploads\/2025\/12\/Almond-Flame-Box.jpg","datePublished":"2025-12-01T10:26:19+00:00","dateModified":"2025-12-01T11:37:22+00:00","breadcrumb":{"@id":"https:\/\/drvivianestetics.com\/hr\/product\/dr-vivians-almond-flame-balzam-za-usne-sa-sjajnim-efektom-i-uv-zastitom\/#breadcrumb"},"inLanguage":"hr","potentialAction":[{"@type":"ReadAction","target":["https:\/\/drvivianestetics.com\/hr\/product\/dr-vivians-almond-flame-balzam-za-usne-sa-sjajnim-efektom-i-uv-zastitom\/"]}]},{"@type":"ImageObject","inLanguage":"hr","@id":"https:\/\/drvivianestetics.com\/hr\/product\/dr-vivians-almond-flame-balzam-za-usne-sa-sjajnim-efektom-i-uv-zastitom\/#primaryimage","url":"https:\/\/drvivianestetics.com\/wp-content\/uploads\/2025\/12\/Almond-Flame-Box.jpg","contentUrl":"https:\/\/drvivianestetics.com\/wp-content\/uploads\/2025\/12\/Almond-Flame-Box.jpg","width":600,"height":600},{"@type":"BreadcrumbList","@id":"https:\/\/drvivianestetics.com\/hr\/product\/dr-vivians-almond-flame-balzam-za-usne-sa-sjajnim-efektom-i-uv-zastitom\/#breadcrumb","itemListElement":[{"@type":"ListItem","position":1,"name":"Home","item":"https:\/\/drvivianestetics.com\/hr\/"},{"@type":"ListItem","position":2,"name":"Shop","item":"https:\/\/drvivianestetics.com\/hr\/shop\/"},{"@type":"ListItem","position":3,"name":"Dr Vivians Almond Flame &#8211; Balzam za usne sa sjajnim efektom i UV za\u0161titom"}]},{"@type":"WebSite","@id":"https:\/\/drvivianestetics.com\/#website","url":"https:\/\/drvivianestetics.com\/","name":"Dr Vivian Estetics","description":"","potentialAction":[{"@type":"SearchAction","target":{"@type":"EntryPoint","urlTemplate":"https:\/\/drvivianestetics.com\/?s={search_term_string}"},"query-input":{"@type":"PropertyValueSpecification","valueRequired":true,"valueName":"search_term_string"}}],"inLanguage":"hr"}]}},"_links":{"self":[{"href":"https:\/\/drvivianestetics.com\/hr\/wp-json\/wp\/v2\/product\/61772","targetHints":{"allow":["GET"]}}],"collection":[{"href":"https:\/\/drvivianestetics.com\/hr\/wp-json\/wp\/v2\/product"}],"about":[{"href":"https:\/\/drvivianestetics.com\/hr\/wp-json\/wp\/v2\/types\/product"}],"wp:featuredmedia":[{"embeddable":true,"href":"https:\/\/drvivianestetics.com\/hr\/wp-json\/wp\/v2\/media\/61773"}],"wp:attachment":[{"href":"https:\/\/drvivianestetics.com\/hr\/wp-json\/wp\/v2\/media?parent=61772"}],"wp:term":[{"taxonomy":"product_brand","embeddable":true,"href":"https:\/\/drvivianestetics.com\/hr\/wp-json\/wp\/v2\/product_brand?post=61772"},{"taxonomy":"product_cat","embeddable":true,"href":"https:\/\/drvivianestetics.com\/hr\/wp-json\/wp\/v2\/product_cat?post=61772"},{"taxonomy":"product_tag","embeddable":true,"href":"https:\/\/drvivianestetics.com\/hr\/wp-json\/wp\/v2\/product_tag?post=61772"}],"curies":[{"name":"wp","href":"https:\/\/api.w.org\/{rel}","templated":true}]}}