{"id":61809,"date":"2026-05-12T13:25:13","date_gmt":"2026-05-12T13:25:13","guid":{"rendered":"https:\/\/drvivianestetics.com\/?post_type=product&#038;p=61809"},"modified":"2026-05-12T13:32:25","modified_gmt":"2026-05-12T13:32:25","slug":"dr-vivians-parfem-u-stiku","status":"publish","type":"product","link":"https:\/\/drvivianestetics.com\/hr\/proizvod\/dr-vivians-parfem-u-stiku\/","title":{"rendered":"Dr. Vivian&#8217;s parfem u stiku"},"content":{"rendered":"","protected":false},"excerpt":{"rendered":"<p>Dr Vivian`s novi proizvod parfem u stiku.<br \/>\n<strong>Za\u0161to u stiku:\u00a0<\/strong> jer kao prvo sve osobe koje su alergi\u010dne ili preosjetljive na alkohol u parfemima u spreju mogu bez problema koristiti ovaj parfem<br \/>\nIsto tako zbog masne teksture stika ovaj miris je puno postojaniji na ko\u017ei i te\u017ee hlapi.<\/p>\n<p>Ovaj parfem u stiku sadr\u017ei biljne voskove, karite (shea) maslace i ulje jojobe. Svilenkasta tekstura stapa se s ko\u017eom, postupno osloba\u0111aju\u0107i senzualne note ambre, vanilije, citrusa i mo\u0161usa.<\/p>\n","protected":false},"featured_media":61811,"template":"","meta":[],"product_brand":[],"product_cat":[72],"product_tag":[],"class_list":{"0":"post-61809","1":"product","2":"type-product","3":"status-publish","4":"has-post-thumbnail","6":"product_cat-uncategorized-hr","8":"first","9":"instock","10":"taxable","11":"shipping-taxable","12":"purchasable","13":"product-type-simple"},"yoast_head":"<!-- This site is optimized with the Yoast SEO plugin v27.4 - https:\/\/yoast.com\/product\/yoast-seo-wordpress\/ -->\n<title>Dr. Vivian&#039;s parfem u stiku - Dr Vivian Estetics<\/title>\n<meta name=\"description\" content=\"Parfem u stiku sadr\u017ei biljne voskove, karite (shea) maslace i ulje jojobe. Svilenkasta tekstura stapa se s ko\u017eom.\" \/>\n<meta name=\"robots\" content=\"index, follow, max-snippet:-1, max-image-preview:large, max-video-preview:-1\" \/>\n<link rel=\"canonical\" href=\"https:\/\/drvivianestetics.com\/hr\/proizvod\/dr-vivians-parfem-u-stiku\/\" \/>\n<meta property=\"og:locale\" content=\"hr_HR\" \/>\n<meta property=\"og:type\" content=\"article\" \/>\n<meta property=\"og:title\" content=\"Dr. Vivian&#039;s parfem u stiku - Dr Vivian Estetics\" \/>\n<meta property=\"og:description\" content=\"Parfem u stiku sadr\u017ei biljne voskove, karite (shea) maslace i ulje jojobe. Svilenkasta tekstura stapa se s ko\u017eom.\" \/>\n<meta property=\"og:url\" content=\"https:\/\/drvivianestetics.com\/hr\/proizvod\/dr-vivians-parfem-u-stiku\/\" \/>\n<meta property=\"og:site_name\" content=\"Dr Vivian Estetics\" \/>\n<meta property=\"article:modified_time\" content=\"2026-05-12T13:32:25+00:00\" \/>\n<meta property=\"og:image\" content=\"https:\/\/drvivianestetics.com\/wp-content\/uploads\/2026\/05\/parfem-u-stiku.jpg\" \/>\n\t<meta property=\"og:image:width\" content=\"600\" \/>\n\t<meta property=\"og:image:height\" content=\"600\" \/>\n\t<meta property=\"og:image:type\" content=\"image\/jpeg\" \/>\n<meta name=\"twitter:card\" content=\"summary_large_image\" \/>\n<meta name=\"twitter:label1\" content=\"Procijenjeno vrijeme \u010ditanja\" \/>\n\t<meta name=\"twitter:data1\" content=\"1 minuta\" \/>\n<script type=\"application\/ld+json\" class=\"yoast-schema-graph\">{\"@context\":\"https:\\\/\\\/schema.org\",\"@graph\":[{\"@type\":\"WebPage\",\"@id\":\"https:\\\/\\\/drvivianestetics.com\\\/hr\\\/proizvod\\\/dr-vivians-parfem-u-stiku\\\/\",\"url\":\"https:\\\/\\\/drvivianestetics.com\\\/hr\\\/proizvod\\\/dr-vivians-parfem-u-stiku\\\/\",\"name\":\"Dr. Vivian's parfem u stiku - Dr Vivian Estetics\",\"isPartOf\":{\"@id\":\"https:\\\/\\\/drvivianestetics.com\\\/#website\"},\"primaryImageOfPage\":{\"@id\":\"https:\\\/\\\/drvivianestetics.com\\\/hr\\\/proizvod\\\/dr-vivians-parfem-u-stiku\\\/#primaryimage\"},\"image\":{\"@id\":\"https:\\\/\\\/drvivianestetics.com\\\/hr\\\/proizvod\\\/dr-vivians-parfem-u-stiku\\\/#primaryimage\"},\"thumbnailUrl\":\"https:\\\/\\\/drvivianestetics.com\\\/wp-content\\\/uploads\\\/2026\\\/05\\\/parfem-u-stiku.jpg\",\"datePublished\":\"2026-05-12T13:25:13+00:00\",\"dateModified\":\"2026-05-12T13:32:25+00:00\",\"description\":\"Parfem u stiku sadr\u017ei biljne voskove, karite (shea) maslace i ulje jojobe. Svilenkasta tekstura stapa se s ko\u017eom.\",\"breadcrumb\":{\"@id\":\"https:\\\/\\\/drvivianestetics.com\\\/hr\\\/proizvod\\\/dr-vivians-parfem-u-stiku\\\/#breadcrumb\"},\"inLanguage\":\"hr\",\"potentialAction\":[{\"@type\":\"ReadAction\",\"target\":[\"https:\\\/\\\/drvivianestetics.com\\\/hr\\\/proizvod\\\/dr-vivians-parfem-u-stiku\\\/\"]}]},{\"@type\":\"ImageObject\",\"inLanguage\":\"hr\",\"@id\":\"https:\\\/\\\/drvivianestetics.com\\\/hr\\\/proizvod\\\/dr-vivians-parfem-u-stiku\\\/#primaryimage\",\"url\":\"https:\\\/\\\/drvivianestetics.com\\\/wp-content\\\/uploads\\\/2026\\\/05\\\/parfem-u-stiku.jpg\",\"contentUrl\":\"https:\\\/\\\/drvivianestetics.com\\\/wp-content\\\/uploads\\\/2026\\\/05\\\/parfem-u-stiku.jpg\",\"width\":600,\"height\":600,\"caption\":\"parfem-u-stiku\"},{\"@type\":\"BreadcrumbList\",\"@id\":\"https:\\\/\\\/drvivianestetics.com\\\/hr\\\/proizvod\\\/dr-vivians-parfem-u-stiku\\\/#breadcrumb\",\"itemListElement\":[{\"@type\":\"ListItem\",\"position\":1,\"name\":\"Home\",\"item\":\"https:\\\/\\\/drvivianestetics.com\\\/hr\\\/\"},{\"@type\":\"ListItem\",\"position\":2,\"name\":\"Shop\",\"item\":\"https:\\\/\\\/drvivianestetics.com\\\/hr\\\/shop\\\/\"},{\"@type\":\"ListItem\",\"position\":3,\"name\":\"Dr. Vivian&#8217;s parfem u stiku\"}]},{\"@type\":\"WebSite\",\"@id\":\"https:\\\/\\\/drvivianestetics.com\\\/#website\",\"url\":\"https:\\\/\\\/drvivianestetics.com\\\/\",\"name\":\"Dr Vivian Estetics\",\"description\":\"\",\"potentialAction\":[{\"@type\":\"SearchAction\",\"target\":{\"@type\":\"EntryPoint\",\"urlTemplate\":\"https:\\\/\\\/drvivianestetics.com\\\/?s={search_term_string}\"},\"query-input\":{\"@type\":\"PropertyValueSpecification\",\"valueRequired\":true,\"valueName\":\"search_term_string\"}}],\"inLanguage\":\"hr\"}]}<\/script>\n<!-- \/ Yoast SEO plugin. -->","yoast_head_json":{"title":"Dr. Vivian's parfem u stiku - Dr Vivian Estetics","description":"Parfem u stiku sadr\u017ei biljne voskove, karite (shea) maslace i ulje jojobe. Svilenkasta tekstura stapa se s ko\u017eom.","robots":{"index":"index","follow":"follow","max-snippet":"max-snippet:-1","max-image-preview":"max-image-preview:large","max-video-preview":"max-video-preview:-1"},"canonical":"https:\/\/drvivianestetics.com\/hr\/proizvod\/dr-vivians-parfem-u-stiku\/","og_locale":"hr_HR","og_type":"article","og_title":"Dr. Vivian's parfem u stiku - Dr Vivian Estetics","og_description":"Parfem u stiku sadr\u017ei biljne voskove, karite (shea) maslace i ulje jojobe. Svilenkasta tekstura stapa se s ko\u017eom.","og_url":"https:\/\/drvivianestetics.com\/hr\/proizvod\/dr-vivians-parfem-u-stiku\/","og_site_name":"Dr Vivian Estetics","article_modified_time":"2026-05-12T13:32:25+00:00","og_image":[{"width":600,"height":600,"url":"https:\/\/drvivianestetics.com\/wp-content\/uploads\/2026\/05\/parfem-u-stiku.jpg","type":"image\/jpeg"}],"twitter_card":"summary_large_image","twitter_misc":{"Procijenjeno vrijeme \u010ditanja":"1 minuta"},"schema":{"@context":"https:\/\/schema.org","@graph":[{"@type":"WebPage","@id":"https:\/\/drvivianestetics.com\/hr\/proizvod\/dr-vivians-parfem-u-stiku\/","url":"https:\/\/drvivianestetics.com\/hr\/proizvod\/dr-vivians-parfem-u-stiku\/","name":"Dr. Vivian's parfem u stiku - Dr Vivian Estetics","isPartOf":{"@id":"https:\/\/drvivianestetics.com\/#website"},"primaryImageOfPage":{"@id":"https:\/\/drvivianestetics.com\/hr\/proizvod\/dr-vivians-parfem-u-stiku\/#primaryimage"},"image":{"@id":"https:\/\/drvivianestetics.com\/hr\/proizvod\/dr-vivians-parfem-u-stiku\/#primaryimage"},"thumbnailUrl":"https:\/\/drvivianestetics.com\/wp-content\/uploads\/2026\/05\/parfem-u-stiku.jpg","datePublished":"2026-05-12T13:25:13+00:00","dateModified":"2026-05-12T13:32:25+00:00","description":"Parfem u stiku sadr\u017ei biljne voskove, karite (shea) maslace i ulje jojobe. Svilenkasta tekstura stapa se s ko\u017eom.","breadcrumb":{"@id":"https:\/\/drvivianestetics.com\/hr\/proizvod\/dr-vivians-parfem-u-stiku\/#breadcrumb"},"inLanguage":"hr","potentialAction":[{"@type":"ReadAction","target":["https:\/\/drvivianestetics.com\/hr\/proizvod\/dr-vivians-parfem-u-stiku\/"]}]},{"@type":"ImageObject","inLanguage":"hr","@id":"https:\/\/drvivianestetics.com\/hr\/proizvod\/dr-vivians-parfem-u-stiku\/#primaryimage","url":"https:\/\/drvivianestetics.com\/wp-content\/uploads\/2026\/05\/parfem-u-stiku.jpg","contentUrl":"https:\/\/drvivianestetics.com\/wp-content\/uploads\/2026\/05\/parfem-u-stiku.jpg","width":600,"height":600,"caption":"parfem-u-stiku"},{"@type":"BreadcrumbList","@id":"https:\/\/drvivianestetics.com\/hr\/proizvod\/dr-vivians-parfem-u-stiku\/#breadcrumb","itemListElement":[{"@type":"ListItem","position":1,"name":"Home","item":"https:\/\/drvivianestetics.com\/hr\/"},{"@type":"ListItem","position":2,"name":"Shop","item":"https:\/\/drvivianestetics.com\/hr\/shop\/"},{"@type":"ListItem","position":3,"name":"Dr. Vivian&#8217;s parfem u stiku"}]},{"@type":"WebSite","@id":"https:\/\/drvivianestetics.com\/#website","url":"https:\/\/drvivianestetics.com\/","name":"Dr Vivian Estetics","description":"","potentialAction":[{"@type":"SearchAction","target":{"@type":"EntryPoint","urlTemplate":"https:\/\/drvivianestetics.com\/?s={search_term_string}"},"query-input":{"@type":"PropertyValueSpecification","valueRequired":true,"valueName":"search_term_string"}}],"inLanguage":"hr"}]}},"_links":{"self":[{"href":"https:\/\/drvivianestetics.com\/hr\/wp-json\/wp\/v2\/product\/61809","targetHints":{"allow":["GET"]}}],"collection":[{"href":"https:\/\/drvivianestetics.com\/hr\/wp-json\/wp\/v2\/product"}],"about":[{"href":"https:\/\/drvivianestetics.com\/hr\/wp-json\/wp\/v2\/types\/product"}],"wp:featuredmedia":[{"embeddable":true,"href":"https:\/\/drvivianestetics.com\/hr\/wp-json\/wp\/v2\/media\/61811"}],"wp:attachment":[{"href":"https:\/\/drvivianestetics.com\/hr\/wp-json\/wp\/v2\/media?parent=61809"}],"wp:term":[{"taxonomy":"product_brand","embeddable":true,"href":"https:\/\/drvivianestetics.com\/hr\/wp-json\/wp\/v2\/product_brand?post=61809"},{"taxonomy":"product_cat","embeddable":true,"href":"https:\/\/drvivianestetics.com\/hr\/wp-json\/wp\/v2\/product_cat?post=61809"},{"taxonomy":"product_tag","embeddable":true,"href":"https:\/\/drvivianestetics.com\/hr\/wp-json\/wp\/v2\/product_tag?post=61809"}],"curies":[{"name":"wp","href":"https:\/\/api.w.org\/{rel}","templated":true}]}}